{"id":3067,"date":"2022-12-14T23:57:28","date_gmt":"2022-12-14T22:57:28","guid":{"rendered":"https:\/\/javiergomiz.com\/?page_id=3067"},"modified":"2023-05-26T22:40:54","modified_gmt":"2023-05-26T20:40:54","slug":"find-me","status":"publish","type":"page","link":"https:\/\/javiergomiz.com\/en\/find-me\/","title":{"rendered":"Find me"},"content":{"rendered":"\t\t<div data-elementor-type=\"wp-page\" data-elementor-id=\"3067\" class=\"elementor elementor-3067 elementor-1814\" data-elementor-post-type=\"page\">\n\t\t\t\t\t\t<section class=\"elementor-section elementor-top-section elementor-element elementor-element-849ea3f elementor-section-boxed elementor-section-height-default elementor-section-height-default\" data-id=\"849ea3f\" data-element_type=\"section\" data-e-type=\"section\">\n\t\t\t\t\t\t<div class=\"elementor-container elementor-column-gap-default\">\n\t\t\t\t\t<div class=\"elementor-column elementor-col-100 elementor-top-column elementor-element elementor-element-8131060\" data-id=\"8131060\" data-element_type=\"column\" data-e-type=\"column\">\n\t\t\t<div class=\"elementor-widget-wrap elementor-element-populated\">\n\t\t\t\t\t\t<div class=\"elementor-element elementor-element-a5c7e52 logo-encuentrame elementor-widget elementor-widget-image\" data-id=\"a5c7e52\" data-element_type=\"widget\" data-e-type=\"widget\" data-widget_type=\"image.default\">\n\t\t\t\t<div class=\"elementor-widget-container\">\n\t\t\t\t\t\t\t\t\t\t\t\t\t\t\t\t<a href=\"https:\/\/javiergomiz.com\/en\/\">\n\t\t\t\t\t\t\t<img decoding=\"async\" src=\"https:\/\/javiergomiz.com\/wp-content\/uploads\/elementor\/thumbs\/cropped-favicon-javiergomiz-pyqjid0mxu6f8b99mx1807krzpgzz6xab7pzqca6so.png\" title=\"cropped-favicon-javiergomiz.png\" alt=\"cropped-favicon-javiergomiz.png\" loading=\"lazy\" \/>\t\t\t\t\t\t\t\t<\/a>\n\t\t\t\t\t\t\t\t\t\t\t\t\t\t\t<\/div>\n\t\t\t\t<\/div>\n\t\t\t\t\t<\/div>\n\t\t<\/div>\n\t\t\t\t\t<\/div>\n\t\t<\/section>\n\t\t\t\t<section class=\"elementor-section elementor-top-section elementor-element elementor-element-7965e9a elementor-section-boxed elementor-section-height-default elementor-section-height-default\" data-id=\"7965e9a\" data-element_type=\"section\" data-e-type=\"section\">\n\t\t\t\t\t\t<div class=\"elementor-container elementor-column-gap-default\">\n\t\t\t\t\t<div class=\"elementor-column elementor-col-100 elementor-top-column elementor-element elementor-element-a2b9690\" data-id=\"a2b9690\" data-element_type=\"column\" data-e-type=\"column\">\n\t\t\t<div class=\"elementor-widget-wrap elementor-element-populated\">\n\t\t\t\t\t\t<div class=\"elementor-element elementor-element-eebdd14 elementor-widget elementor-widget-shortcode\" data-id=\"eebdd14\" data-element_type=\"widget\" data-e-type=\"widget\" data-widget_type=\"shortcode.default\">\n\t\t\t\t<div class=\"elementor-widget-container\">\n\t\t\t\t\t\t\t<div class=\"elementor-shortcode\">\n<div class=\"lang_sel_list_horizontal wpml-ls-statics-shortcode_actions wpml-ls wpml-ls-legacy-list-horizontal\" id=\"lang_sel_list\">\n\t<ul><li class=\"icl-es wpml-ls-slot-shortcode_actions wpml-ls-item wpml-ls-item-es wpml-ls-first-item wpml-ls-last-item wpml-ls-item-legacy-list-horizontal\">\n\t\t\t\t<a href=\"https:\/\/javiergomiz.com\/\" class=\"wpml-ls-link\">\n                                                        <img decoding=\"async\"\n            class=\"wpml-ls-flag iclflag\"\n            src=\"https:\/\/javiergomiz.com\/wp-content\/plugins\/sitepress-multilingual-cms\/res\/flags\/es.png\"\n            alt=\"ES\"\n            width=18\n            height=12\n    \/><\/a>\n\t\t\t<\/li><\/ul>\n<\/div>\n<\/div>\n\t\t\t\t\t\t<\/div>\n\t\t\t\t<\/div>\n\t\t\t\t<div class=\"elementor-element elementor-element-86ac8c9 elementor-widget elementor-widget-heading\" data-id=\"86ac8c9\" data-element_type=\"widget\" data-e-type=\"widget\" data-widget_type=\"heading.default\">\n\t\t\t\t<div class=\"elementor-widget-container\">\n\t\t\t\t\t<h1 class=\"elementor-heading-title elementor-size-default\">Javier G\u00f3miz<\/h1>\t\t\t\t<\/div>\n\t\t\t\t<\/div>\n\t\t\t\t<div class=\"elementor-element elementor-element-a19ec8a elementor-align-center boton-bio elementor-widget elementor-widget-button\" data-id=\"a19ec8a\" data-element_type=\"widget\" data-e-type=\"widget\" data-widget_type=\"button.default\">\n\t\t\t\t<div class=\"elementor-widget-container\">\n\t\t\t\t\t\t\t\t\t<div class=\"elementor-button-wrapper\">\n\t\t\t\t\t<a class=\"elementor-button elementor-button-link elementor-size-sm\" href=\"https:\/\/javiergomiz.com\/en\/\">\n\t\t\t\t\t\t<span class=\"elementor-button-content-wrapper\">\n\t\t\t\t\t\t<span class=\"elementor-button-icon\">\n\t\t\t\t<i aria-hidden=\"true\" class=\"fas fa-link\"><\/i>\t\t\t<\/span>\n\t\t\t\t\t\t\t\t\t<span class=\"elementor-button-text\">javiergomiz.com Web<\/span>\n\t\t\t\t\t<\/span>\n\t\t\t\t\t<\/a>\n\t\t\t\t<\/div>\n\t\t\t\t\t\t\t\t<\/div>\n\t\t\t\t<\/div>\n\t\t\t\t<div class=\"elementor-element elementor-element-57cba1b elementor-align-center boton-bio elementor-widget elementor-widget-button\" data-id=\"57cba1b\" data-element_type=\"widget\" data-e-type=\"widget\" data-widget_type=\"button.default\">\n\t\t\t\t<div class=\"elementor-widget-container\">\n\t\t\t\t\t\t\t\t\t<div class=\"elementor-button-wrapper\">\n\t\t\t\t\t<a class=\"elementor-button elementor-button-link elementor-size-sm\" href=\"https:\/\/javiergomiz.com\/en\/contact\/\">\n\t\t\t\t\t\t<span class=\"elementor-button-content-wrapper\">\n\t\t\t\t\t\t<span class=\"elementor-button-icon\">\n\t\t\t\t<i aria-hidden=\"true\" class=\"far fa-edit\"><\/i>\t\t\t<\/span>\n\t\t\t\t\t\t\t\t\t<span class=\"elementor-button-text\">Contact and partnerships<\/span>\n\t\t\t\t\t<\/span>\n\t\t\t\t\t<\/a>\n\t\t\t\t<\/div>\n\t\t\t\t\t\t\t\t<\/div>\n\t\t\t\t<\/div>\n\t\t\t\t<div class=\"elementor-element elementor-element-518d91c elementor-align-center boton-bio elementor-widget elementor-widget-button\" data-id=\"518d91c\" data-element_type=\"widget\" data-e-type=\"widget\" data-widget_type=\"button.default\">\n\t\t\t\t<div class=\"elementor-widget-container\">\n\t\t\t\t\t\t\t\t\t<div class=\"elementor-button-wrapper\">\n\t\t\t\t\t<a class=\"elementor-button elementor-button-link elementor-size-sm\" href=\"https:\/\/www.facebook.com\/javiergomizdron\/\" rel=\"nofollow\">\n\t\t\t\t\t\t<span class=\"elementor-button-content-wrapper\">\n\t\t\t\t\t\t<span class=\"elementor-button-icon\">\n\t\t\t\t<i aria-hidden=\"true\" class=\"fab fa-facebook\"><\/i>\t\t\t<\/span>\n\t\t\t\t\t\t\t\t\t<span class=\"elementor-button-text\">Facebook<\/span>\n\t\t\t\t\t<\/span>\n\t\t\t\t\t<\/a>\n\t\t\t\t<\/div>\n\t\t\t\t\t\t\t\t<\/div>\n\t\t\t\t<\/div>\n\t\t\t\t<div class=\"elementor-element elementor-element-4404e00 elementor-align-center boton-bio elementor-widget elementor-widget-button\" data-id=\"4404e00\" data-element_type=\"widget\" data-e-type=\"widget\" data-widget_type=\"button.default\">\n\t\t\t\t<div class=\"elementor-widget-container\">\n\t\t\t\t\t\t\t\t\t<div class=\"elementor-button-wrapper\">\n\t\t\t\t\t<a class=\"elementor-button elementor-button-link elementor-size-sm\" href=\"https:\/\/www.instagram.com\/javiergomiz\/\" rel=\"nofollow\">\n\t\t\t\t\t\t<span class=\"elementor-button-content-wrapper\">\n\t\t\t\t\t\t<span class=\"elementor-button-icon\">\n\t\t\t\t<i aria-hidden=\"true\" class=\"fab fa-instagram\"><\/i>\t\t\t<\/span>\n\t\t\t\t\t\t\t\t\t<span class=\"elementor-button-text\">Instagram<\/span>\n\t\t\t\t\t<\/span>\n\t\t\t\t\t<\/a>\n\t\t\t\t<\/div>\n\t\t\t\t\t\t\t\t<\/div>\n\t\t\t\t<\/div>\n\t\t\t\t<div class=\"elementor-element elementor-element-4d5f828 elementor-align-center boton-bio elementor-widget elementor-widget-button\" data-id=\"4d5f828\" data-element_type=\"widget\" data-e-type=\"widget\" data-widget_type=\"button.default\">\n\t\t\t\t<div class=\"elementor-widget-container\">\n\t\t\t\t\t\t\t\t\t<div class=\"elementor-button-wrapper\">\n\t\t\t\t\t<a class=\"elementor-button elementor-button-link elementor-size-sm\" href=\"https:\/\/es.linkedin.com\/in\/javiergomiz\" rel=\"nofollow\">\n\t\t\t\t\t\t<span class=\"elementor-button-content-wrapper\">\n\t\t\t\t\t\t<span class=\"elementor-button-icon\">\n\t\t\t\t<i aria-hidden=\"true\" class=\"fab fa-linkedin\"><\/i>\t\t\t<\/span>\n\t\t\t\t\t\t\t\t\t<span class=\"elementor-button-text\">Linkedin<\/span>\n\t\t\t\t\t<\/span>\n\t\t\t\t\t<\/a>\n\t\t\t\t<\/div>\n\t\t\t\t\t\t\t\t<\/div>\n\t\t\t\t<\/div>\n\t\t\t\t<div class=\"elementor-element elementor-element-fe204ca elementor-align-center boton-bio elementor-widget elementor-widget-button\" data-id=\"fe204ca\" data-element_type=\"widget\" data-e-type=\"widget\" data-widget_type=\"button.default\">\n\t\t\t\t<div class=\"elementor-widget-container\">\n\t\t\t\t\t\t\t\t\t<div class=\"elementor-button-wrapper\">\n\t\t\t\t\t<a class=\"elementor-button elementor-button-link elementor-size-sm\" href=\"https:\/\/www.youtube.com\/@javiergomiz?sub_confirmation=1\" rel=\"nofollow\">\n\t\t\t\t\t\t<span class=\"elementor-button-content-wrapper\">\n\t\t\t\t\t\t<span class=\"elementor-button-icon\">\n\t\t\t\t<i aria-hidden=\"true\" class=\"fab fa-youtube-square\"><\/i>\t\t\t<\/span>\n\t\t\t\t\t\t\t\t\t<span class=\"elementor-button-text\">Youtube<\/span>\n\t\t\t\t\t<\/span>\n\t\t\t\t\t<\/a>\n\t\t\t\t<\/div>\n\t\t\t\t\t\t\t\t<\/div>\n\t\t\t\t<\/div>\n\t\t\t\t\t<\/div>\n\t\t<\/div>\n\t\t\t\t\t<\/div>\n\t\t<\/section>\n\t\t\t\t<\/div>\n\t\t","protected":false},"excerpt":{"rendered":"<p>Enter and discover all my drone photography and video services and where to find me on the networks. Don&#8217;t hesitate to contact me!<\/p>\n","protected":false},"author":1,"featured_media":2913,"parent":0,"menu_order":0,"comment_status":"closed","ping_status":"closed","template":"elementor_canvas","meta":{"inline_featured_image":false,"_joinchat":[],"footnotes":""},"class_list":["post-3067","page","type-page","status-publish","has-post-thumbnail","hentry"],"yoast_head":"<!-- This site is optimized with the Yoast SEO plugin v27.3 - https:\/\/yoast.com\/product\/yoast-seo-wordpress\/ -->\n<title>Find me | Javier G\u00f3miz<\/title>\n<meta name=\"description\" content=\"Enter and discover all my drone photography and video services and where to find me on the networks. Don&#039;t hesitate to contact me!\" \/>\n<meta name=\"robots\" content=\"index, follow, max-snippet:-1, max-image-preview:large, max-video-preview:-1\" \/>\n<link rel=\"canonical\" href=\"https:\/\/javiergomiz.com\/en\/find-me\/\" \/>\n<meta property=\"og:locale\" content=\"en_US\" \/>\n<meta property=\"og:type\" content=\"article\" \/>\n<meta property=\"og:title\" content=\"Find me | Javier G\u00f3miz\" \/>\n<meta property=\"og:description\" content=\"Enter and discover all my drone photography and video services and where to find me on the networks. Don&#039;t hesitate to contact me!\" \/>\n<meta property=\"og:url\" content=\"https:\/\/javiergomiz.com\/en\/find-me\/\" \/>\n<meta property=\"og:site_name\" content=\"Javier G\u00f3miz\" \/>\n<meta property=\"article:publisher\" content=\"https:\/\/www.facebook.com\/javiergomizdron\/\" \/>\n<meta property=\"article:modified_time\" content=\"2023-05-26T20:40:54+00:00\" \/>\n<meta property=\"og:image\" content=\"https:\/\/javiergomiz.com\/wp-content\/uploads\/2022\/12\/cropped-favicon-javiergomiz.png\" \/>\n\t<meta property=\"og:image:width\" content=\"512\" \/>\n\t<meta property=\"og:image:height\" content=\"512\" \/>\n\t<meta property=\"og:image:type\" content=\"image\/png\" \/>\n<meta name=\"twitter:card\" content=\"summary_large_image\" \/>\n<script type=\"application\/ld+json\" class=\"yoast-schema-graph\">{\"@context\":\"https:\\\/\\\/schema.org\",\"@graph\":[{\"@type\":\"WebPage\",\"@id\":\"https:\\\/\\\/javiergomiz.com\\\/en\\\/find-me\\\/\",\"url\":\"https:\\\/\\\/javiergomiz.com\\\/en\\\/find-me\\\/\",\"name\":\"Find me | Javier G\u00f3miz\",\"isPartOf\":{\"@id\":\"https:\\\/\\\/javiergomiz.com\\\/en\\\/#website\"},\"primaryImageOfPage\":{\"@id\":\"https:\\\/\\\/javiergomiz.com\\\/en\\\/find-me\\\/#primaryimage\"},\"image\":{\"@id\":\"https:\\\/\\\/javiergomiz.com\\\/en\\\/find-me\\\/#primaryimage\"},\"thumbnailUrl\":\"https:\\\/\\\/javiergomiz.com\\\/wp-content\\\/uploads\\\/2022\\\/12\\\/cropped-favicon-javiergomiz.png\",\"datePublished\":\"2022-12-14T22:57:28+00:00\",\"dateModified\":\"2023-05-26T20:40:54+00:00\",\"description\":\"Enter and discover all my drone photography and video services and where to find me on the networks. Don't hesitate to contact me!\",\"breadcrumb\":{\"@id\":\"https:\\\/\\\/javiergomiz.com\\\/en\\\/find-me\\\/#breadcrumb\"},\"inLanguage\":\"en-US\",\"potentialAction\":[{\"@type\":\"ReadAction\",\"target\":[\"https:\\\/\\\/javiergomiz.com\\\/en\\\/find-me\\\/\"]}]},{\"@type\":\"ImageObject\",\"inLanguage\":\"en-US\",\"@id\":\"https:\\\/\\\/javiergomiz.com\\\/en\\\/find-me\\\/#primaryimage\",\"url\":\"https:\\\/\\\/javiergomiz.com\\\/wp-content\\\/uploads\\\/2022\\\/12\\\/cropped-favicon-javiergomiz.png\",\"contentUrl\":\"https:\\\/\\\/javiergomiz.com\\\/wp-content\\\/uploads\\\/2022\\\/12\\\/cropped-favicon-javiergomiz.png\",\"width\":512,\"height\":512},{\"@type\":\"BreadcrumbList\",\"@id\":\"https:\\\/\\\/javiergomiz.com\\\/en\\\/find-me\\\/#breadcrumb\",\"itemListElement\":[{\"@type\":\"ListItem\",\"position\":1,\"name\":\"Javier G\u00f3miz\",\"item\":\"https:\\\/\\\/javiergomiz.com\\\/en\\\/\"},{\"@type\":\"ListItem\",\"position\":2,\"name\":\"Find me\"}]},{\"@type\":\"WebSite\",\"@id\":\"https:\\\/\\\/javiergomiz.com\\\/en\\\/#website\",\"url\":\"https:\\\/\\\/javiergomiz.com\\\/en\\\/\",\"name\":\"Javier G\u00f3miz\",\"description\":\"Fotograf\u00eda y v\u00eddeo a\u00e9reo con dron en Mallorca\",\"publisher\":{\"@id\":\"https:\\\/\\\/javiergomiz.com\\\/en\\\/#organization\"},\"alternateName\":\"Javier G\u00f3miz\",\"potentialAction\":[{\"@type\":\"SearchAction\",\"target\":{\"@type\":\"EntryPoint\",\"urlTemplate\":\"https:\\\/\\\/javiergomiz.com\\\/en\\\/?s={search_term_string}\"},\"query-input\":{\"@type\":\"PropertyValueSpecification\",\"valueRequired\":true,\"valueName\":\"search_term_string\"}}],\"inLanguage\":\"en-US\"},{\"@type\":\"Organization\",\"@id\":\"https:\\\/\\\/javiergomiz.com\\\/en\\\/#organization\",\"name\":\"Javier G\u00f3miz\",\"url\":\"https:\\\/\\\/javiergomiz.com\\\/en\\\/\",\"logo\":{\"@type\":\"ImageObject\",\"inLanguage\":\"en-US\",\"@id\":\"https:\\\/\\\/javiergomiz.com\\\/en\\\/#\\\/schema\\\/logo\\\/image\\\/\",\"url\":\"https:\\\/\\\/javiergomiz.com\\\/wp-content\\\/uploads\\\/2022\\\/12\\\/cropped-favicon-javiergomiz.png\",\"contentUrl\":\"https:\\\/\\\/javiergomiz.com\\\/wp-content\\\/uploads\\\/2022\\\/12\\\/cropped-favicon-javiergomiz.png\",\"width\":512,\"height\":512,\"caption\":\"Javier G\u00f3miz\"},\"image\":{\"@id\":\"https:\\\/\\\/javiergomiz.com\\\/en\\\/#\\\/schema\\\/logo\\\/image\\\/\"},\"sameAs\":[\"https:\\\/\\\/www.facebook.com\\\/javiergomizdron\\\/\",\"https:\\\/\\\/www.instagram.com\\\/javiergomiz\\\/\",\"https:\\\/\\\/es.linkedin.com\\\/in\\\/javiergomiz\",\"https:\\\/\\\/www.youtube.com\\\/@javiergomiz\"]}]}<\/script>\n<!-- \/ Yoast SEO plugin. -->","yoast_head_json":{"title":"Find me | Javier G\u00f3miz","description":"Enter and discover all my drone photography and video services and where to find me on the networks. Don't hesitate to contact me!","robots":{"index":"index","follow":"follow","max-snippet":"max-snippet:-1","max-image-preview":"max-image-preview:large","max-video-preview":"max-video-preview:-1"},"canonical":"https:\/\/javiergomiz.com\/en\/find-me\/","og_locale":"en_US","og_type":"article","og_title":"Find me | Javier G\u00f3miz","og_description":"Enter and discover all my drone photography and video services and where to find me on the networks. Don't hesitate to contact me!","og_url":"https:\/\/javiergomiz.com\/en\/find-me\/","og_site_name":"Javier G\u00f3miz","article_publisher":"https:\/\/www.facebook.com\/javiergomizdron\/","article_modified_time":"2023-05-26T20:40:54+00:00","og_image":[{"width":512,"height":512,"url":"https:\/\/javiergomiz.com\/wp-content\/uploads\/2022\/12\/cropped-favicon-javiergomiz.png","type":"image\/png"}],"twitter_card":"summary_large_image","schema":{"@context":"https:\/\/schema.org","@graph":[{"@type":"WebPage","@id":"https:\/\/javiergomiz.com\/en\/find-me\/","url":"https:\/\/javiergomiz.com\/en\/find-me\/","name":"Find me | Javier G\u00f3miz","isPartOf":{"@id":"https:\/\/javiergomiz.com\/en\/#website"},"primaryImageOfPage":{"@id":"https:\/\/javiergomiz.com\/en\/find-me\/#primaryimage"},"image":{"@id":"https:\/\/javiergomiz.com\/en\/find-me\/#primaryimage"},"thumbnailUrl":"https:\/\/javiergomiz.com\/wp-content\/uploads\/2022\/12\/cropped-favicon-javiergomiz.png","datePublished":"2022-12-14T22:57:28+00:00","dateModified":"2023-05-26T20:40:54+00:00","description":"Enter and discover all my drone photography and video services and where to find me on the networks. Don't hesitate to contact me!","breadcrumb":{"@id":"https:\/\/javiergomiz.com\/en\/find-me\/#breadcrumb"},"inLanguage":"en-US","potentialAction":[{"@type":"ReadAction","target":["https:\/\/javiergomiz.com\/en\/find-me\/"]}]},{"@type":"ImageObject","inLanguage":"en-US","@id":"https:\/\/javiergomiz.com\/en\/find-me\/#primaryimage","url":"https:\/\/javiergomiz.com\/wp-content\/uploads\/2022\/12\/cropped-favicon-javiergomiz.png","contentUrl":"https:\/\/javiergomiz.com\/wp-content\/uploads\/2022\/12\/cropped-favicon-javiergomiz.png","width":512,"height":512},{"@type":"BreadcrumbList","@id":"https:\/\/javiergomiz.com\/en\/find-me\/#breadcrumb","itemListElement":[{"@type":"ListItem","position":1,"name":"Javier G\u00f3miz","item":"https:\/\/javiergomiz.com\/en\/"},{"@type":"ListItem","position":2,"name":"Find me"}]},{"@type":"WebSite","@id":"https:\/\/javiergomiz.com\/en\/#website","url":"https:\/\/javiergomiz.com\/en\/","name":"Javier G\u00f3miz","description":"Fotograf\u00eda y v\u00eddeo a\u00e9reo con dron en Mallorca","publisher":{"@id":"https:\/\/javiergomiz.com\/en\/#organization"},"alternateName":"Javier G\u00f3miz","potentialAction":[{"@type":"SearchAction","target":{"@type":"EntryPoint","urlTemplate":"https:\/\/javiergomiz.com\/en\/?s={search_term_string}"},"query-input":{"@type":"PropertyValueSpecification","valueRequired":true,"valueName":"search_term_string"}}],"inLanguage":"en-US"},{"@type":"Organization","@id":"https:\/\/javiergomiz.com\/en\/#organization","name":"Javier G\u00f3miz","url":"https:\/\/javiergomiz.com\/en\/","logo":{"@type":"ImageObject","inLanguage":"en-US","@id":"https:\/\/javiergomiz.com\/en\/#\/schema\/logo\/image\/","url":"https:\/\/javiergomiz.com\/wp-content\/uploads\/2022\/12\/cropped-favicon-javiergomiz.png","contentUrl":"https:\/\/javiergomiz.com\/wp-content\/uploads\/2022\/12\/cropped-favicon-javiergomiz.png","width":512,"height":512,"caption":"Javier G\u00f3miz"},"image":{"@id":"https:\/\/javiergomiz.com\/en\/#\/schema\/logo\/image\/"},"sameAs":["https:\/\/www.facebook.com\/javiergomizdron\/","https:\/\/www.instagram.com\/javiergomiz\/","https:\/\/es.linkedin.com\/in\/javiergomiz","https:\/\/www.youtube.com\/@javiergomiz"]}]}},"_links":{"self":[{"href":"https:\/\/javiergomiz.com\/en\/wp-json\/wp\/v2\/pages\/3067","targetHints":{"allow":["GET"]}}],"collection":[{"href":"https:\/\/javiergomiz.com\/en\/wp-json\/wp\/v2\/pages"}],"about":[{"href":"https:\/\/javiergomiz.com\/en\/wp-json\/wp\/v2\/types\/page"}],"author":[{"embeddable":true,"href":"https:\/\/javiergomiz.com\/en\/wp-json\/wp\/v2\/users\/1"}],"replies":[{"embeddable":true,"href":"https:\/\/javiergomiz.com\/en\/wp-json\/wp\/v2\/comments?post=3067"}],"version-history":[{"count":0,"href":"https:\/\/javiergomiz.com\/en\/wp-json\/wp\/v2\/pages\/3067\/revisions"}],"wp:featuredmedia":[{"embeddable":true,"href":"https:\/\/javiergomiz.com\/en\/wp-json\/wp\/v2\/media\/2913"}],"wp:attachment":[{"href":"https:\/\/javiergomiz.com\/en\/wp-json\/wp\/v2\/media?parent=3067"}],"curies":[{"name":"wp","href":"https:\/\/api.w.org\/{rel}","templated":true}]}}