{"id":3070,"date":"2022-07-14T18:50:51","date_gmt":"2022-07-14T16:50:51","guid":{"rendered":"https:\/\/javiergomiz.com\/?page_id=3070"},"modified":"2023-06-06T09:03:57","modified_gmt":"2023-06-06T07:03:57","slug":"drone-photography-video-mallorca","status":"publish","type":"page","link":"https:\/\/javiergomiz.com\/en\/","title":{"rendered":"Drone photography and video in mallorca"},"content":{"rendered":"","protected":false},"excerpt":{"rendered":"<p>Get with drone photography and video impossible shots from the ground in any scenario in Mallorca, Balearic Islands and Mediterranean \ud83c\udfae \ud83c\udfac \ud83c\udfac.<\/p>\n","protected":false},"author":1,"featured_media":2921,"parent":0,"menu_order":0,"comment_status":"closed","ping_status":"closed","template":"","meta":{"inline_featured_image":false,"_joinchat":[],"footnotes":""},"class_list":["post-3070","page","type-page","status-publish","has-post-thumbnail","hentry"],"yoast_head":"<!-- This site is optimized with the Yoast SEO plugin v27.4 - https:\/\/yoast.com\/product\/yoast-seo-wordpress\/ -->\n<title>Drone photography and video in Mallorca | Javier G\u00f3miz<\/title>\n<meta name=\"description\" content=\"Get with drone photography and video impossible shots from the ground in any scenario in Mallorca, Balearic Islands and Mediterranean \ud83c\udfae \ud83c\udfac \ud83c\udfac.\" \/>\n<meta name=\"robots\" content=\"index, follow, max-snippet:-1, max-image-preview:large, max-video-preview:-1\" \/>\n<link rel=\"canonical\" href=\"https:\/\/javiergomiz.com\/en\/\" \/>\n<meta property=\"og:locale\" content=\"en_US\" \/>\n<meta property=\"og:type\" content=\"article\" \/>\n<meta property=\"og:title\" content=\"Drone photography and video in Mallorca | Javier G\u00f3miz\" \/>\n<meta property=\"og:description\" content=\"Get with drone photography and video impossible shots from the ground in any scenario in Mallorca, Balearic Islands and Mediterranean \ud83c\udfae \ud83c\udfac \ud83c\udfac.\" \/>\n<meta property=\"og:url\" content=\"https:\/\/javiergomiz.com\/en\/\" \/>\n<meta property=\"og:site_name\" content=\"Javier G\u00f3miz\" \/>\n<meta property=\"article:publisher\" content=\"https:\/\/www.facebook.com\/javiergomizdron\/\" \/>\n<meta property=\"article:modified_time\" content=\"2023-06-06T07:03:57+00:00\" \/>\n<meta property=\"og:image\" content=\"https:\/\/javiergomiz.com\/wp-content\/uploads\/2023\/01\/miniatura-wassap.jpg\" \/>\n\t<meta property=\"og:image:width\" content=\"350\" \/>\n\t<meta property=\"og:image:height\" content=\"127\" \/>\n\t<meta property=\"og:image:type\" content=\"image\/jpeg\" \/>\n<meta name=\"twitter:card\" content=\"summary_large_image\" \/>\n<script type=\"application\/ld+json\" class=\"yoast-schema-graph\">{\"@context\":\"https:\\\/\\\/schema.org\",\"@graph\":[{\"@type\":\"WebPage\",\"@id\":\"https:\\\/\\\/javiergomiz.com\\\/en\\\/\",\"url\":\"https:\\\/\\\/javiergomiz.com\\\/en\\\/\",\"name\":\"Drone photography and video in Mallorca | Javier G\u00f3miz\",\"isPartOf\":{\"@id\":\"https:\\\/\\\/javiergomiz.com\\\/en\\\/#website\"},\"primaryImageOfPage\":{\"@id\":\"https:\\\/\\\/javiergomiz.com\\\/en\\\/#primaryimage\"},\"image\":{\"@id\":\"https:\\\/\\\/javiergomiz.com\\\/en\\\/#primaryimage\"},\"thumbnailUrl\":\"https:\\\/\\\/javiergomiz.com\\\/wp-content\\\/uploads\\\/2023\\\/01\\\/miniatura-wassap.jpg\",\"datePublished\":\"2022-07-14T16:50:51+00:00\",\"dateModified\":\"2023-06-06T07:03:57+00:00\",\"description\":\"Get with drone photography and video impossible shots from the ground in any scenario in Mallorca, Balearic Islands and Mediterranean \ud83c\udfae \ud83c\udfac \ud83c\udfac.\",\"breadcrumb\":{\"@id\":\"https:\\\/\\\/javiergomiz.com\\\/en\\\/#breadcrumb\"},\"inLanguage\":\"en-US\",\"potentialAction\":[{\"@type\":\"ReadAction\",\"target\":[\"https:\\\/\\\/javiergomiz.com\\\/en\\\/\"]}]},{\"@type\":\"ImageObject\",\"inLanguage\":\"en-US\",\"@id\":\"https:\\\/\\\/javiergomiz.com\\\/en\\\/#primaryimage\",\"url\":\"https:\\\/\\\/javiergomiz.com\\\/wp-content\\\/uploads\\\/2023\\\/01\\\/miniatura-wassap.jpg\",\"contentUrl\":\"https:\\\/\\\/javiergomiz.com\\\/wp-content\\\/uploads\\\/2023\\\/01\\\/miniatura-wassap.jpg\",\"width\":350,\"height\":127},{\"@type\":\"BreadcrumbList\",\"@id\":\"https:\\\/\\\/javiergomiz.com\\\/en\\\/#breadcrumb\",\"itemListElement\":[{\"@type\":\"ListItem\",\"position\":1,\"name\":\"Javier G\u00f3miz\",\"item\":\"https:\\\/\\\/javiergomiz.com\\\/en\\\/\"},{\"@type\":\"ListItem\",\"position\":2,\"name\":\"Drone photography and video in mallorca\"}]},{\"@type\":\"WebSite\",\"@id\":\"https:\\\/\\\/javiergomiz.com\\\/en\\\/#website\",\"url\":\"https:\\\/\\\/javiergomiz.com\\\/en\\\/\",\"name\":\"Javier G\u00f3miz\",\"description\":\"Fotograf\u00eda y v\u00eddeo a\u00e9reo con dron en Mallorca\",\"publisher\":{\"@id\":\"https:\\\/\\\/javiergomiz.com\\\/en\\\/#organization\"},\"alternateName\":\"Javier G\u00f3miz\",\"potentialAction\":[{\"@type\":\"SearchAction\",\"target\":{\"@type\":\"EntryPoint\",\"urlTemplate\":\"https:\\\/\\\/javiergomiz.com\\\/en\\\/?s={search_term_string}\"},\"query-input\":{\"@type\":\"PropertyValueSpecification\",\"valueRequired\":true,\"valueName\":\"search_term_string\"}}],\"inLanguage\":\"en-US\"},{\"@type\":\"Organization\",\"@id\":\"https:\\\/\\\/javiergomiz.com\\\/en\\\/#organization\",\"name\":\"Javier G\u00f3miz\",\"url\":\"https:\\\/\\\/javiergomiz.com\\\/en\\\/\",\"logo\":{\"@type\":\"ImageObject\",\"inLanguage\":\"en-US\",\"@id\":\"https:\\\/\\\/javiergomiz.com\\\/en\\\/#\\\/schema\\\/logo\\\/image\\\/\",\"url\":\"https:\\\/\\\/javiergomiz.com\\\/wp-content\\\/uploads\\\/2022\\\/12\\\/cropped-favicon-javiergomiz.png\",\"contentUrl\":\"https:\\\/\\\/javiergomiz.com\\\/wp-content\\\/uploads\\\/2022\\\/12\\\/cropped-favicon-javiergomiz.png\",\"width\":512,\"height\":512,\"caption\":\"Javier G\u00f3miz\"},\"image\":{\"@id\":\"https:\\\/\\\/javiergomiz.com\\\/en\\\/#\\\/schema\\\/logo\\\/image\\\/\"},\"sameAs\":[\"https:\\\/\\\/www.facebook.com\\\/javiergomizdron\\\/\",\"https:\\\/\\\/www.instagram.com\\\/javiergomiz\\\/\",\"https:\\\/\\\/es.linkedin.com\\\/in\\\/javiergomiz\",\"https:\\\/\\\/www.youtube.com\\\/@javiergomiz\"]}]}<\/script>\n<!-- \/ Yoast SEO plugin. -->","yoast_head_json":{"title":"Drone photography and video in Mallorca | Javier G\u00f3miz","description":"Get with drone photography and video impossible shots from the ground in any scenario in Mallorca, Balearic Islands and Mediterranean \ud83c\udfae \ud83c\udfac \ud83c\udfac.","robots":{"index":"index","follow":"follow","max-snippet":"max-snippet:-1","max-image-preview":"max-image-preview:large","max-video-preview":"max-video-preview:-1"},"canonical":"https:\/\/javiergomiz.com\/en\/","og_locale":"en_US","og_type":"article","og_title":"Drone photography and video in Mallorca | Javier G\u00f3miz","og_description":"Get with drone photography and video impossible shots from the ground in any scenario in Mallorca, Balearic Islands and Mediterranean \ud83c\udfae \ud83c\udfac \ud83c\udfac.","og_url":"https:\/\/javiergomiz.com\/en\/","og_site_name":"Javier G\u00f3miz","article_publisher":"https:\/\/www.facebook.com\/javiergomizdron\/","article_modified_time":"2023-06-06T07:03:57+00:00","og_image":[{"width":350,"height":127,"url":"https:\/\/javiergomiz.com\/wp-content\/uploads\/2023\/01\/miniatura-wassap.jpg","type":"image\/jpeg"}],"twitter_card":"summary_large_image","schema":{"@context":"https:\/\/schema.org","@graph":[{"@type":"WebPage","@id":"https:\/\/javiergomiz.com\/en\/","url":"https:\/\/javiergomiz.com\/en\/","name":"Drone photography and video in Mallorca | Javier G\u00f3miz","isPartOf":{"@id":"https:\/\/javiergomiz.com\/en\/#website"},"primaryImageOfPage":{"@id":"https:\/\/javiergomiz.com\/en\/#primaryimage"},"image":{"@id":"https:\/\/javiergomiz.com\/en\/#primaryimage"},"thumbnailUrl":"https:\/\/javiergomiz.com\/wp-content\/uploads\/2023\/01\/miniatura-wassap.jpg","datePublished":"2022-07-14T16:50:51+00:00","dateModified":"2023-06-06T07:03:57+00:00","description":"Get with drone photography and video impossible shots from the ground in any scenario in Mallorca, Balearic Islands and Mediterranean \ud83c\udfae \ud83c\udfac \ud83c\udfac.","breadcrumb":{"@id":"https:\/\/javiergomiz.com\/en\/#breadcrumb"},"inLanguage":"en-US","potentialAction":[{"@type":"ReadAction","target":["https:\/\/javiergomiz.com\/en\/"]}]},{"@type":"ImageObject","inLanguage":"en-US","@id":"https:\/\/javiergomiz.com\/en\/#primaryimage","url":"https:\/\/javiergomiz.com\/wp-content\/uploads\/2023\/01\/miniatura-wassap.jpg","contentUrl":"https:\/\/javiergomiz.com\/wp-content\/uploads\/2023\/01\/miniatura-wassap.jpg","width":350,"height":127},{"@type":"BreadcrumbList","@id":"https:\/\/javiergomiz.com\/en\/#breadcrumb","itemListElement":[{"@type":"ListItem","position":1,"name":"Javier G\u00f3miz","item":"https:\/\/javiergomiz.com\/en\/"},{"@type":"ListItem","position":2,"name":"Drone photography and video in mallorca"}]},{"@type":"WebSite","@id":"https:\/\/javiergomiz.com\/en\/#website","url":"https:\/\/javiergomiz.com\/en\/","name":"Javier G\u00f3miz","description":"Fotograf\u00eda y v\u00eddeo a\u00e9reo con dron en Mallorca","publisher":{"@id":"https:\/\/javiergomiz.com\/en\/#organization"},"alternateName":"Javier G\u00f3miz","potentialAction":[{"@type":"SearchAction","target":{"@type":"EntryPoint","urlTemplate":"https:\/\/javiergomiz.com\/en\/?s={search_term_string}"},"query-input":{"@type":"PropertyValueSpecification","valueRequired":true,"valueName":"search_term_string"}}],"inLanguage":"en-US"},{"@type":"Organization","@id":"https:\/\/javiergomiz.com\/en\/#organization","name":"Javier G\u00f3miz","url":"https:\/\/javiergomiz.com\/en\/","logo":{"@type":"ImageObject","inLanguage":"en-US","@id":"https:\/\/javiergomiz.com\/en\/#\/schema\/logo\/image\/","url":"https:\/\/javiergomiz.com\/wp-content\/uploads\/2022\/12\/cropped-favicon-javiergomiz.png","contentUrl":"https:\/\/javiergomiz.com\/wp-content\/uploads\/2022\/12\/cropped-favicon-javiergomiz.png","width":512,"height":512,"caption":"Javier G\u00f3miz"},"image":{"@id":"https:\/\/javiergomiz.com\/en\/#\/schema\/logo\/image\/"},"sameAs":["https:\/\/www.facebook.com\/javiergomizdron\/","https:\/\/www.instagram.com\/javiergomiz\/","https:\/\/es.linkedin.com\/in\/javiergomiz","https:\/\/www.youtube.com\/@javiergomiz"]}]}},"_links":{"self":[{"href":"https:\/\/javiergomiz.com\/en\/wp-json\/wp\/v2\/pages\/3070","targetHints":{"allow":["GET"]}}],"collection":[{"href":"https:\/\/javiergomiz.com\/en\/wp-json\/wp\/v2\/pages"}],"about":[{"href":"https:\/\/javiergomiz.com\/en\/wp-json\/wp\/v2\/types\/page"}],"author":[{"embeddable":true,"href":"https:\/\/javiergomiz.com\/en\/wp-json\/wp\/v2\/users\/1"}],"replies":[{"embeddable":true,"href":"https:\/\/javiergomiz.com\/en\/wp-json\/wp\/v2\/comments?post=3070"}],"version-history":[{"count":0,"href":"https:\/\/javiergomiz.com\/en\/wp-json\/wp\/v2\/pages\/3070\/revisions"}],"wp:featuredmedia":[{"embeddable":true,"href":"https:\/\/javiergomiz.com\/en\/wp-json\/wp\/v2\/media\/2921"}],"wp:attachment":[{"href":"https:\/\/javiergomiz.com\/en\/wp-json\/wp\/v2\/media?parent=3070"}],"curies":[{"name":"wp","href":"https:\/\/api.w.org\/{rel}","templated":true}]}}