{"id":3127,"date":"2022-11-10T19:59:11","date_gmt":"2022-11-10T18:59:11","guid":{"rendered":"https:\/\/javiergomiz.com\/?page_id=3127"},"modified":"2025-10-12T09:13:55","modified_gmt":"2025-10-12T07:13:55","slug":"dron-events-recording","status":"publish","type":"page","link":"https:\/\/javiergomiz.com\/en\/photo-video-drone-services\/dron-events-recording\/","title":{"rendered":"Event recording in Mallorca"},"content":{"rendered":"\n<p><a href=\"https:\/\/javiergomiz.com\/en\/\">Javier G\u00f3miz<\/a> offers a <a href=\"https:\/\/javiergomiz.com\/en\/photo-video-drone-services\/\">drone service for events in Mallorca<\/a>, <strong>Balearic Islands<\/strong> and anywhere else in the <strong>rest of Spain<\/strong>. Whether you are a <strong>company that organises events<\/strong>, or if you offer another type of <strong>product or service<\/strong>, it is essential to have a <strong>video or graphic document<\/strong> of what you produce and\/or where you participate. This way you <strong>will be able to promote your future events<\/strong>, <strong>define your brand<\/strong> and <strong>introduce your product<\/strong> or simply <strong>keep your social networks up to date<\/strong>.<\/p>\n\n<p>For all these reasons, the <strong>recording of events with drones<\/strong> <strong>in Mallorca<\/strong> is <strong>Javier G\u00f3miz<\/strong>&#8216;s <strong>most demanded service<\/strong> today.<\/p>\n\n<p>At events there are <strong>unique and unrepeatable moments<\/strong>, so don&#8217;t waste the opportunity to have them with you forever, give a <strong>chance to those who couldn&#8217;t be<\/strong> there and <strong>reinforce the memory<\/strong> of those who were. <strong>People are passionate<\/strong> about being immortalised.<\/p>\n\n<blockquote class=\"wp-block-quote is-layout-flow wp-block-quote-is-layout-flow\">\n<p><strong>If your event wasn&#8217;t filmed with a drone, it never happened!<\/strong><\/p>\n<\/blockquote>\n\n<p>Having a <strong>memento of a special moment<\/strong> is important to many people, so we always recommend <strong>handing over this responsibility to a trusted professional<\/strong>.<\/p>\n\n<p>A <strong>wedding<\/strong> (also a pre-wedding and post-wedding), <strong>a birthday, a communion, a corporate event<\/strong> etc&#8230; In short, an outdoor celebration <strong>can take on another dimension if a drone is used<\/strong> to capture these moments.<\/p>\n\n<div style=\"height:20px\" aria-hidden=\"true\" class=\"wp-block-spacer\"><\/div>\n\n<div><iframe src=\"https:\/\/player.vimeo.com\/video\/868715046?h=be1a62e370\" width=\"825\" height=\"463\" frameborder=\"0\" allow=\"autoplay; fullscreen\" allowfullscreen=\"\"><\/iframe><\/div>\n\n<h2 class=\"wp-block-heading enlaces-ancla\" id=\"bodas-drones\">Drone weddings: incredible images for a unique day<\/h2>\n\n<p>I am absolutely sure that <strong>your wedding day<\/strong> will be something <strong>you will remember forever<\/strong>. For this day you will surely want to have a <strong>professional photographer and videographer<\/strong>, but what if you consider <a href=\"http:\/\/javiergomiz.com\/contacto\/\" target=\"_blank\" rel=\"noreferrer noopener nofollow\">hiring a professional drone pilot<\/a> to immortalise the <strong>best moments of your wedding with a drone<\/strong>?<\/p>\n\n<div class=\"wp-block-columns is-layout-flex wp-container-core-columns-is-layout-28f84493 wp-block-columns-is-layout-flex\">\n<div class=\"wp-block-column is-layout-flow wp-block-column-is-layout-flow\">\n<figure class=\"wp-block-image size-large\"><img fetchpriority=\"high\" decoding=\"async\" width=\"682\" height=\"1024\" src=\"https:\/\/javiergomiz.com\/wp-content\/uploads\/2023\/06\/bodas-dron-mallorca-javiergomiz-682x1024.jpeg\" alt=\"Javier G&#xF3;miz discussing wedding-related matters\" class=\"wp-image-4607\" srcset=\"https:\/\/javiergomiz.com\/wp-content\/uploads\/2023\/06\/bodas-dron-mallorca-javiergomiz-682x1024.jpeg 682w, https:\/\/javiergomiz.com\/wp-content\/uploads\/2023\/06\/bodas-dron-mallorca-javiergomiz-200x300.jpeg 200w, https:\/\/javiergomiz.com\/wp-content\/uploads\/2023\/06\/bodas-dron-mallorca-javiergomiz-768x1153.jpeg 768w, https:\/\/javiergomiz.com\/wp-content\/uploads\/2023\/06\/bodas-dron-mallorca-javiergomiz-1023x1536.jpeg 1023w, https:\/\/javiergomiz.com\/wp-content\/uploads\/2023\/06\/bodas-dron-mallorca-javiergomiz.jpeg 1066w\" sizes=\"(max-width: 682px) 100vw, 682px\" \/><\/figure>\n<\/div>\n\n\n\n<div class=\"wp-block-column is-layout-flow wp-block-column-is-layout-flow\">\n<p><strong>Drone events<\/strong> have become one of the most requested services in recent times, and of these, <strong>drone weddings in Mallorca<\/strong> are by far the most requested events in the largest of the <strong>Balearic Islands<\/strong>.<\/p>\n\n\n\n<blockquote class=\"wp-block-quote is-layout-flow wp-block-quote-is-layout-flow\">\n<p>Using a <strong>drone on your wedding day<\/strong> is the best way to get <strong>stunning, surprising and impressive<\/strong> <strong>images<\/strong> of one of the <strong>most special days<\/strong> of your life.<\/p>\n<\/blockquote>\n\n\n\n<p>I will help you capture the best <strong>moments from angles and perspectives that would otherwise be impossible<\/strong>, immortalising <strong>unique and emotional moments<\/strong> during the ceremony and the celebration in open spaces.<\/p>\n\n\n\n<p>If you need a photographer <strong>to take wedding photos on land<\/strong> and get both <strong>indoor ceremony photos<\/strong> and photos from a different angle. <\/p>\n<\/div>\n<\/div>\n\n<p>I recommend you to contact <a href=\"https:\/\/alejandrocrespi.com\/\" target=\"_blank\" rel=\"noreferrer noopener nofollow\">Alejandro Cresp\u00ed<\/a>, a <strong>professional wedding photographer<\/strong> with many years of experience and who I trust completely.<\/p>\n\n<h3 class=\"wp-block-heading\">What added value does a drone bring to your wedding day?<\/h3>\n\n<p>The drone has a number of <strong>notable advantages<\/strong> and added value to offer on your wedding day. Here is a list of some of the features you will get if you decide to <strong>incorporate a drone into your wedding<\/strong>:<\/p>\n\n<ul class=\"wp-block-list\">\n<li><strong>Shooting weddings<\/strong> with drones has become very fashionable since the day these flying devices help us to achieve <strong>much more original<\/strong> and <strong>new<\/strong>, <strong>striking, surprising<\/strong> and <strong>unique images<\/strong>.<\/li>\n\n\n\n<li>Using a drone to take <strong>photos and videos at a wedding<\/strong> can open up a whole <strong>new world of creativity<\/strong>: new and impossible angles and unique compositions that would be impossible with a traditional camera.<\/li>\n\n\n\n<li><strong>Save time and resources<\/strong>. It will be indispensable if you are <strong>thinking of organising a &#8220;high altitude wedding&#8221;<\/strong> as a drone allows you to <strong>shoot cinematic video footage<\/strong>, reach places that &#8220;camera in hand&#8221; would be impossible and <strong>reach distances<\/strong> that would otherwise <strong>take too long<\/strong>.<\/li>\n\n\n\n<li>You will be able to get those <strong>group photos<\/strong> that would otherwise be impossible due to the environment in which the wedding takes place, <strong>avoiding annoying elements<\/strong> when it comes to getting the snapshot we are looking for.<\/li>\n\n\n\n<li><strong>Naturalness and spontaneity<\/strong> as the shots are taken from a distance where the drone goes unnoticed among the audience.<\/li>\n\n\n\n<li><strong>Add the environment we are in<\/strong> to our photo or video. Imagine that you are celebrating your <strong>wedding in a country house in Mallorca<\/strong>, such as <a href=\"https:\/\/casxorc.com\/index.php\/es\/\" target=\"_blank\" rel=\"noreferrer noopener nofollow\">Cas Xorc<\/a>, and you want to capture, apart from the attendees, the environment in which the wedding is celebrated, this will undoubtedly give a <strong>plus of quality to the final photograph or video<\/strong>.<\/li>\n<\/ul>\n\n<p><\/p>\n\n<figure class=\"wp-block-image size-full\"><img decoding=\"async\" width=\"800\" height=\"449\" src=\"https:\/\/javiergomiz.com\/wp-content\/uploads\/2023\/04\/boda-con-dron-mallorca-cas-xorc-javiergomiz4.jpg\" alt=\"Drone weddings in Mallorca, Cas Xorc\" class=\"wp-image-3469\" srcset=\"https:\/\/javiergomiz.com\/wp-content\/uploads\/2023\/04\/boda-con-dron-mallorca-cas-xorc-javiergomiz4.jpg 800w, https:\/\/javiergomiz.com\/wp-content\/uploads\/2023\/04\/boda-con-dron-mallorca-cas-xorc-javiergomiz4-300x168.jpg 300w, https:\/\/javiergomiz.com\/wp-content\/uploads\/2023\/04\/boda-con-dron-mallorca-cas-xorc-javiergomiz4-768x431.jpg 768w\" sizes=\"(max-width: 800px) 100vw, 800px\" \/><figcaption class=\"wp-element-caption\">Wedding celebrated in Cas Xorc, in the valley of S\u00f3ller, Mallorca.<\/figcaption><\/figure>\n\n<h3 class=\"wp-block-heading\">How much does it cost to use a drone at a wedding?<\/h3>\n\n<p>Are you thinking of <strong>using a drone for your wedding<\/strong> and want to know <strong>how much<\/strong> a drone service can cost for this type of <strong>event in Mallorca<\/strong>?<\/p>\n\n<p>The <strong>price of a drone wedding<\/strong> can vary depending on the type of material you request, whether you are looking for just <a href=\"https:\/\/javiergomiz.com\/en\/photo-video-drone-services\/drone-photography\/\">drone photography<\/a> or you want an <a href=\"https:\/\/javiergomiz.com\/proyectos\/\">audio-visual production<\/a> with different <a href=\"https:\/\/javiergomiz.com\/en\/photo-video-drone-services\/video-aerial-dron\/\">video<\/a> shots of the best parts of the wedding. From here prices can range from <strong>\u20ac300 to \u20ac900<\/strong>.<\/p>\n\n<p>So as all <strong>events and needs are different<\/strong>, I recommend you <strong>to contact me<\/strong>. I will listen to what you need, we will talk about how and <strong>where your wedding will be<\/strong> and we will find the best way to carry out the service on your wedding day.<\/p>\n\n<figure class=\"wp-block-image size-full\"><img decoding=\"async\" width=\"800\" height=\"449\" src=\"https:\/\/javiergomiz.com\/wp-content\/uploads\/2023\/04\/bodas-con-dron-mallorca-cas-xorc-javiergomiz.jpg\" alt=\"Drone weddings in Mallorca, Cas Xorc in S&#xF3;ller\" class=\"wp-image-3434\" srcset=\"https:\/\/javiergomiz.com\/wp-content\/uploads\/2023\/04\/bodas-con-dron-mallorca-cas-xorc-javiergomiz.jpg 800w, https:\/\/javiergomiz.com\/wp-content\/uploads\/2023\/04\/bodas-con-dron-mallorca-cas-xorc-javiergomiz-300x168.jpg 300w, https:\/\/javiergomiz.com\/wp-content\/uploads\/2023\/04\/bodas-con-dron-mallorca-cas-xorc-javiergomiz-768x431.jpg 768w\" sizes=\"(max-width: 800px) 100vw, 800px\" \/><\/figure>\n\n<h2 class=\"wp-block-heading\">Sporting events and concerts<\/h2>\n\n<p>Drones can offer a <strong>different and attractive perspective during the filming of<\/strong> <strong>sporting events and concerts<\/strong>. <strong>Events<\/strong> held in Mallorca and covered with a drone, such as <strong>car races, football matches, basketball games, etc&#8230;<\/strong> give the spectator the added bonus of &#8220;attending the event in first person&#8221;, something that was unthinkable a few years ago.<\/p>\n\n<p>The use of drones at concerts, or at general events and outdoor shows can achieve <strong>amazing result<\/strong>s. At music festivals and concerts, drones focus on <strong>light shows, effects<\/strong>. At music festivals and concerts, drones focus on the Here is an example of the possibilities of <a href=\"https:\/\/www.youtube.com\/watch?v=-wFo5JpsnIQ\" target=\"_blank\" rel=\"noreferrer noopener nofollow\">a drone at concert<\/a>.<\/p>\n\n<p>In short, having <strong>aerial images of events made with drones<\/strong> provides <strong>dynamism and eye-catching images<\/strong>, not to mention the visual impact on the person who sees our work, since our eye is used to more common and trivial images of the already known terrestrial perspectives.<\/p>\n\n<p>Including an <strong>aerial shot, recorded or photographed<\/strong>, will make the final result <strong>more visual and spectacular<\/strong>.<\/p>\n\n<p>What do you think about the uses of drones for weddings, do you dare to celebrate an <strong>event with drones in Mallorca<\/strong>? Let me know what you thought, I&#8217;ll try to answer any questions you may have.<\/p>\n","protected":false},"excerpt":{"rendered":"<p>Drone events recording will take another dimension and add exclusivity and sophistication to weddings, concerts and outdoor celebrations.<\/p>\n","protected":false},"author":1,"featured_media":5549,"parent":3069,"menu_order":0,"comment_status":"closed","ping_status":"closed","template":"","meta":{"inline_featured_image":false,"_joinchat":[],"footnotes":""},"class_list":["post-3127","page","type-page","status-publish","has-post-thumbnail","hentry"],"yoast_head":"<!-- This site is optimized with the Yoast SEO plugin v27.4 - https:\/\/yoast.com\/product\/yoast-seo-wordpress\/ -->\n<title>Take your drone events in Mallorca to another level | Javier G\u00f3miz | Javier G\u00f3miz<\/title>\n<meta name=\"description\" content=\"Drone events in Mallorca will take on another dimension and add exclusivity and sophistication to weddings and outdoor celebrations.\" \/>\n<meta name=\"robots\" content=\"index, follow, max-snippet:-1, max-image-preview:large, max-video-preview:-1\" \/>\n<link rel=\"canonical\" href=\"https:\/\/javiergomiz.com\/en\/photo-video-drone-services\/dron-events-recording\/\" \/>\n<meta property=\"og:locale\" content=\"en_US\" \/>\n<meta property=\"og:type\" content=\"article\" \/>\n<meta property=\"og:title\" content=\"Take your drone events in Mallorca to another level | Javier G\u00f3miz | Javier G\u00f3miz\" \/>\n<meta property=\"og:description\" content=\"Drone events in Mallorca will take on another dimension and add exclusivity and sophistication to weddings and outdoor celebrations.\" \/>\n<meta property=\"og:url\" content=\"https:\/\/javiergomiz.com\/en\/photo-video-drone-services\/dron-events-recording\/\" \/>\n<meta property=\"og:site_name\" content=\"Javier G\u00f3miz\" \/>\n<meta property=\"article:publisher\" content=\"https:\/\/www.facebook.com\/javiergomizdron\/\" \/>\n<meta property=\"article:modified_time\" content=\"2025-10-12T07:13:55+00:00\" \/>\n<meta property=\"og:image\" content=\"https:\/\/javiergomiz.com\/wp-content\/uploads\/2023\/10\/drone-mallorca-wedding-javiergomiz.jpg\" \/>\n\t<meta property=\"og:image:width\" content=\"800\" \/>\n\t<meta property=\"og:image:height\" content=\"533\" \/>\n\t<meta property=\"og:image:type\" content=\"image\/jpeg\" \/>\n<meta name=\"twitter:card\" content=\"summary_large_image\" \/>\n<meta name=\"twitter:label1\" content=\"Est. reading time\" \/>\n\t<meta name=\"twitter:data1\" content=\"5 minutes\" \/>\n<script type=\"application\/ld+json\" class=\"yoast-schema-graph\">{\"@context\":\"https:\\\/\\\/schema.org\",\"@graph\":[{\"@type\":\"WebPage\",\"@id\":\"https:\\\/\\\/javiergomiz.com\\\/en\\\/photo-video-drone-services\\\/dron-events-recording\\\/\",\"url\":\"https:\\\/\\\/javiergomiz.com\\\/en\\\/photo-video-drone-services\\\/dron-events-recording\\\/\",\"name\":\"Take your drone events in Mallorca to another level | Javier G\u00f3miz | Javier G\u00f3miz\",\"isPartOf\":{\"@id\":\"https:\\\/\\\/javiergomiz.com\\\/en\\\/#website\"},\"primaryImageOfPage\":{\"@id\":\"https:\\\/\\\/javiergomiz.com\\\/en\\\/photo-video-drone-services\\\/dron-events-recording\\\/#primaryimage\"},\"image\":{\"@id\":\"https:\\\/\\\/javiergomiz.com\\\/en\\\/photo-video-drone-services\\\/dron-events-recording\\\/#primaryimage\"},\"thumbnailUrl\":\"https:\\\/\\\/javiergomiz.com\\\/wp-content\\\/uploads\\\/2023\\\/10\\\/drone-mallorca-wedding-javiergomiz.jpg\",\"datePublished\":\"2022-11-10T18:59:11+00:00\",\"dateModified\":\"2025-10-12T07:13:55+00:00\",\"description\":\"Drone events in Mallorca will take on another dimension and add exclusivity and sophistication to weddings and outdoor celebrations.\",\"breadcrumb\":{\"@id\":\"https:\\\/\\\/javiergomiz.com\\\/en\\\/photo-video-drone-services\\\/dron-events-recording\\\/#breadcrumb\"},\"inLanguage\":\"en-US\",\"potentialAction\":[{\"@type\":\"ReadAction\",\"target\":[\"https:\\\/\\\/javiergomiz.com\\\/en\\\/photo-video-drone-services\\\/dron-events-recording\\\/\"]}]},{\"@type\":\"ImageObject\",\"inLanguage\":\"en-US\",\"@id\":\"https:\\\/\\\/javiergomiz.com\\\/en\\\/photo-video-drone-services\\\/dron-events-recording\\\/#primaryimage\",\"url\":\"https:\\\/\\\/javiergomiz.com\\\/wp-content\\\/uploads\\\/2023\\\/10\\\/drone-mallorca-wedding-javiergomiz.jpg\",\"contentUrl\":\"https:\\\/\\\/javiergomiz.com\\\/wp-content\\\/uploads\\\/2023\\\/10\\\/drone-mallorca-wedding-javiergomiz.jpg\",\"width\":800,\"height\":533,\"caption\":\"Drone wedding in Mallorca\"},{\"@type\":\"BreadcrumbList\",\"@id\":\"https:\\\/\\\/javiergomiz.com\\\/en\\\/photo-video-drone-services\\\/dron-events-recording\\\/#breadcrumb\",\"itemListElement\":[{\"@type\":\"ListItem\",\"position\":1,\"name\":\"Javier G\u00f3miz\",\"item\":\"https:\\\/\\\/javiergomiz.com\\\/en\\\/\"},{\"@type\":\"ListItem\",\"position\":2,\"name\":\"Video and drone services in mallorca\",\"item\":\"https:\\\/\\\/javiergomiz.com\\\/en\\\/photo-video-drone-services\\\/\"},{\"@type\":\"ListItem\",\"position\":3,\"name\":\"Event recording in Mallorca\"}]},{\"@type\":\"WebSite\",\"@id\":\"https:\\\/\\\/javiergomiz.com\\\/en\\\/#website\",\"url\":\"https:\\\/\\\/javiergomiz.com\\\/en\\\/\",\"name\":\"Javier G\u00f3miz\",\"description\":\"Fotograf\u00eda y v\u00eddeo a\u00e9reo con dron en Mallorca\",\"publisher\":{\"@id\":\"https:\\\/\\\/javiergomiz.com\\\/en\\\/#organization\"},\"alternateName\":\"Javier G\u00f3miz\",\"potentialAction\":[{\"@type\":\"SearchAction\",\"target\":{\"@type\":\"EntryPoint\",\"urlTemplate\":\"https:\\\/\\\/javiergomiz.com\\\/en\\\/?s={search_term_string}\"},\"query-input\":{\"@type\":\"PropertyValueSpecification\",\"valueRequired\":true,\"valueName\":\"search_term_string\"}}],\"inLanguage\":\"en-US\"},{\"@type\":\"Organization\",\"@id\":\"https:\\\/\\\/javiergomiz.com\\\/en\\\/#organization\",\"name\":\"Javier G\u00f3miz\",\"url\":\"https:\\\/\\\/javiergomiz.com\\\/en\\\/\",\"logo\":{\"@type\":\"ImageObject\",\"inLanguage\":\"en-US\",\"@id\":\"https:\\\/\\\/javiergomiz.com\\\/en\\\/#\\\/schema\\\/logo\\\/image\\\/\",\"url\":\"https:\\\/\\\/javiergomiz.com\\\/wp-content\\\/uploads\\\/2022\\\/12\\\/cropped-favicon-javiergomiz.png\",\"contentUrl\":\"https:\\\/\\\/javiergomiz.com\\\/wp-content\\\/uploads\\\/2022\\\/12\\\/cropped-favicon-javiergomiz.png\",\"width\":512,\"height\":512,\"caption\":\"Javier G\u00f3miz\"},\"image\":{\"@id\":\"https:\\\/\\\/javiergomiz.com\\\/en\\\/#\\\/schema\\\/logo\\\/image\\\/\"},\"sameAs\":[\"https:\\\/\\\/www.facebook.com\\\/javiergomizdron\\\/\",\"https:\\\/\\\/www.instagram.com\\\/javiergomiz\\\/\",\"https:\\\/\\\/es.linkedin.com\\\/in\\\/javiergomiz\",\"https:\\\/\\\/www.youtube.com\\\/@javiergomiz\"]}]}<\/script>\n<meta property=\"og:video\" content=\"https:\/\/www.youtube.com\/embed\/lvhyK8vrGuM\" \/>\n<meta property=\"og:video:type\" content=\"text\/html\" \/>\n<meta property=\"og:video:duration\" content=\"36\" \/>\n<meta property=\"og:video:width\" content=\"480\" \/>\n<meta property=\"og:video:height\" content=\"270\" \/>\n<meta property=\"ya:ovs:adult\" content=\"false\" \/>\n<meta property=\"ya:ovs:upload_date\" content=\"2022-11-10T18:59:11+00:00\" \/>\n<meta property=\"ya:ovs:allow_embed\" content=\"true\" \/>\n<!-- \/ Yoast SEO plugin. -->","yoast_head_json":{"title":"Take your drone events in Mallorca to another level | Javier G\u00f3miz | Javier G\u00f3miz","description":"Drone events in Mallorca will take on another dimension and add exclusivity and sophistication to weddings and outdoor celebrations.","robots":{"index":"index","follow":"follow","max-snippet":"max-snippet:-1","max-image-preview":"max-image-preview:large","max-video-preview":"max-video-preview:-1"},"canonical":"https:\/\/javiergomiz.com\/en\/photo-video-drone-services\/dron-events-recording\/","og_locale":"en_US","og_type":"article","og_title":"Take your drone events in Mallorca to another level | Javier G\u00f3miz | Javier G\u00f3miz","og_description":"Drone events in Mallorca will take on another dimension and add exclusivity and sophistication to weddings and outdoor celebrations.","og_url":"https:\/\/javiergomiz.com\/en\/photo-video-drone-services\/dron-events-recording\/","og_site_name":"Javier G\u00f3miz","article_publisher":"https:\/\/www.facebook.com\/javiergomizdron\/","article_modified_time":"2025-10-12T07:13:55+00:00","og_image":[{"width":800,"height":533,"url":"https:\/\/javiergomiz.com\/wp-content\/uploads\/2023\/10\/drone-mallorca-wedding-javiergomiz.jpg","type":"image\/jpeg"}],"twitter_card":"summary_large_image","twitter_misc":{"Est. reading time":"5 minutes"},"schema":{"@context":"https:\/\/schema.org","@graph":[{"@type":"WebPage","@id":"https:\/\/javiergomiz.com\/en\/photo-video-drone-services\/dron-events-recording\/","url":"https:\/\/javiergomiz.com\/en\/photo-video-drone-services\/dron-events-recording\/","name":"Take your drone events in Mallorca to another level | Javier G\u00f3miz | Javier G\u00f3miz","isPartOf":{"@id":"https:\/\/javiergomiz.com\/en\/#website"},"primaryImageOfPage":{"@id":"https:\/\/javiergomiz.com\/en\/photo-video-drone-services\/dron-events-recording\/#primaryimage"},"image":{"@id":"https:\/\/javiergomiz.com\/en\/photo-video-drone-services\/dron-events-recording\/#primaryimage"},"thumbnailUrl":"https:\/\/javiergomiz.com\/wp-content\/uploads\/2023\/10\/drone-mallorca-wedding-javiergomiz.jpg","datePublished":"2022-11-10T18:59:11+00:00","dateModified":"2025-10-12T07:13:55+00:00","description":"Drone events in Mallorca will take on another dimension and add exclusivity and sophistication to weddings and outdoor celebrations.","breadcrumb":{"@id":"https:\/\/javiergomiz.com\/en\/photo-video-drone-services\/dron-events-recording\/#breadcrumb"},"inLanguage":"en-US","potentialAction":[{"@type":"ReadAction","target":["https:\/\/javiergomiz.com\/en\/photo-video-drone-services\/dron-events-recording\/"]}]},{"@type":"ImageObject","inLanguage":"en-US","@id":"https:\/\/javiergomiz.com\/en\/photo-video-drone-services\/dron-events-recording\/#primaryimage","url":"https:\/\/javiergomiz.com\/wp-content\/uploads\/2023\/10\/drone-mallorca-wedding-javiergomiz.jpg","contentUrl":"https:\/\/javiergomiz.com\/wp-content\/uploads\/2023\/10\/drone-mallorca-wedding-javiergomiz.jpg","width":800,"height":533,"caption":"Drone wedding in Mallorca"},{"@type":"BreadcrumbList","@id":"https:\/\/javiergomiz.com\/en\/photo-video-drone-services\/dron-events-recording\/#breadcrumb","itemListElement":[{"@type":"ListItem","position":1,"name":"Javier G\u00f3miz","item":"https:\/\/javiergomiz.com\/en\/"},{"@type":"ListItem","position":2,"name":"Video and drone services in mallorca","item":"https:\/\/javiergomiz.com\/en\/photo-video-drone-services\/"},{"@type":"ListItem","position":3,"name":"Event recording in Mallorca"}]},{"@type":"WebSite","@id":"https:\/\/javiergomiz.com\/en\/#website","url":"https:\/\/javiergomiz.com\/en\/","name":"Javier G\u00f3miz","description":"Fotograf\u00eda y v\u00eddeo a\u00e9reo con dron en Mallorca","publisher":{"@id":"https:\/\/javiergomiz.com\/en\/#organization"},"alternateName":"Javier G\u00f3miz","potentialAction":[{"@type":"SearchAction","target":{"@type":"EntryPoint","urlTemplate":"https:\/\/javiergomiz.com\/en\/?s={search_term_string}"},"query-input":{"@type":"PropertyValueSpecification","valueRequired":true,"valueName":"search_term_string"}}],"inLanguage":"en-US"},{"@type":"Organization","@id":"https:\/\/javiergomiz.com\/en\/#organization","name":"Javier G\u00f3miz","url":"https:\/\/javiergomiz.com\/en\/","logo":{"@type":"ImageObject","inLanguage":"en-US","@id":"https:\/\/javiergomiz.com\/en\/#\/schema\/logo\/image\/","url":"https:\/\/javiergomiz.com\/wp-content\/uploads\/2022\/12\/cropped-favicon-javiergomiz.png","contentUrl":"https:\/\/javiergomiz.com\/wp-content\/uploads\/2022\/12\/cropped-favicon-javiergomiz.png","width":512,"height":512,"caption":"Javier G\u00f3miz"},"image":{"@id":"https:\/\/javiergomiz.com\/en\/#\/schema\/logo\/image\/"},"sameAs":["https:\/\/www.facebook.com\/javiergomizdron\/","https:\/\/www.instagram.com\/javiergomiz\/","https:\/\/es.linkedin.com\/in\/javiergomiz","https:\/\/www.youtube.com\/@javiergomiz"]}]},"og_video":"https:\/\/www.youtube.com\/embed\/lvhyK8vrGuM","og_video_type":"text\/html","og_video_duration":"36","og_video_width":"480","og_video_height":"270","ya_ovs_adult":"false","ya_ovs_upload_date":"2022-11-10T18:59:11+00:00","ya_ovs_allow_embed":"true"},"_links":{"self":[{"href":"https:\/\/javiergomiz.com\/en\/wp-json\/wp\/v2\/pages\/3127","targetHints":{"allow":["GET"]}}],"collection":[{"href":"https:\/\/javiergomiz.com\/en\/wp-json\/wp\/v2\/pages"}],"about":[{"href":"https:\/\/javiergomiz.com\/en\/wp-json\/wp\/v2\/types\/page"}],"author":[{"embeddable":true,"href":"https:\/\/javiergomiz.com\/en\/wp-json\/wp\/v2\/users\/1"}],"replies":[{"embeddable":true,"href":"https:\/\/javiergomiz.com\/en\/wp-json\/wp\/v2\/comments?post=3127"}],"version-history":[{"count":0,"href":"https:\/\/javiergomiz.com\/en\/wp-json\/wp\/v2\/pages\/3127\/revisions"}],"up":[{"embeddable":true,"href":"https:\/\/javiergomiz.com\/en\/wp-json\/wp\/v2\/pages\/3069"}],"wp:featuredmedia":[{"embeddable":true,"href":"https:\/\/javiergomiz.com\/en\/wp-json\/wp\/v2\/media\/5549"}],"wp:attachment":[{"href":"https:\/\/javiergomiz.com\/en\/wp-json\/wp\/v2\/media?parent=3127"}],"curies":[{"name":"wp","href":"https:\/\/api.w.org\/{rel}","templated":true}]}}