{"id":3136,"date":"2022-11-07T14:24:24","date_gmt":"2022-11-07T13:24:24","guid":{"rendered":"https:\/\/javiergomiz.com\/?page_id=3136"},"modified":"2023-06-04T12:22:04","modified_gmt":"2023-06-04T10:22:04","slug":"aerial-panoramic-photography","status":"publish","type":"page","link":"https:\/\/javiergomiz.com\/en\/photo-video-drone-services\/aerial-panoramic-photography\/","title":{"rendered":"Photography 180\u00ba and 360\u00ba aerial panoramic photography"},"content":{"rendered":"\n<p><strong>Aerial panoramic photography<\/strong> is a <strong>photography technique<\/strong> carried out with a drone that consists of taking a certain number of photographs and then joining them together <strong>using different software<\/strong> available on the market in order to obtain a <strong>single final photograph<\/strong>. <\/p>\n\n<p><strong>Panoramic photography<\/strong> is a resource that is used to show <strong>more content in a single photograph<\/strong>, either because the focal point of the camera of the device we are using cannot cover everything.<\/p>\n\n<p>Normally, if you want to take a panoramic <strong>aerial<\/strong> or <strong>panoramic photograph<\/strong> of any kind, you should opt for <strong>lenses that do not distort the image at the edges<\/strong>, or lenses that cause you to <strong>lose the perspectiv<\/strong>e of the subject to be photographed. The <strong>recommended range<\/strong> of these lenses could be between <strong>35mm and 85mm<\/strong> approximately. <\/p>\n\n<p>Using this range of lenses, the <strong>artificial intelligence<\/strong> of the software you will use more easily <strong>understand<\/strong> which parts of the photo match each other best, achieving spectacular results.<\/p>\n\n<figure class=\"wp-block-image size-large\"><img fetchpriority=\"high\" decoding=\"async\" width=\"1024\" height=\"383\" src=\"https:\/\/javiergomiz.com\/wp-content\/uploads\/2023\/01\/illetes-formentera-panoramica-seccion-javiergomiz-1024x383.jpg\" alt=\"180&#xBA; panoramic aerial drone photography of Illetes in Formentera\" class=\"wp-image-2250\" srcset=\"https:\/\/javiergomiz.com\/wp-content\/uploads\/2023\/01\/illetes-formentera-panoramica-seccion-javiergomiz-1024x383.jpg 1024w, https:\/\/javiergomiz.com\/wp-content\/uploads\/2023\/01\/illetes-formentera-panoramica-seccion-javiergomiz-300x112.jpg 300w, https:\/\/javiergomiz.com\/wp-content\/uploads\/2023\/01\/illetes-formentera-panoramica-seccion-javiergomiz-768x288.jpg 768w, https:\/\/javiergomiz.com\/wp-content\/uploads\/2023\/01\/illetes-formentera-panoramica-seccion-javiergomiz-1536x575.jpg 1536w, https:\/\/javiergomiz.com\/wp-content\/uploads\/2023\/01\/illetes-formentera-panoramica-seccion-javiergomiz.jpg 2000w\" sizes=\"(max-width: 1024px) 100vw, 1024px\" \/><\/figure>\n\n<h2 class=\"wp-block-heading\">Panoramic photography on Google Maps<\/h2>\n\n<p><a href=\"https:\/\/javiergomiz.com\/en\/photo-video-drone-services\/drone-photography\/\">Aerial drone photography<\/a> <strong>is very fashionable<\/strong> nowadays with the emergence of <strong>drones<\/strong> that can capture images that until recently were only available to very few. <\/p>\n\n<blockquote class=\"wp-block-quote is-layout-flow wp-block-quote-is-layout-flow\">\n<p>Being able to use <strong>drones<\/strong> for <strong>aerial panoramic photography<\/strong> has been a revolution. <\/p>\n<\/blockquote>\n\n<p>Many businesses are using this technique to be able <strong>to locate and frame their business<\/strong>, as from the air it is much easier <strong>to locate and get an idea of the location of a place<\/strong>.<\/p>\n\n<p>With <strong>Google Maps<\/strong>, <strong>a very powerful tool<\/strong> of <strong>Google Maps and Google Earth<\/strong>, we will be able to see <strong>panoramic views of the whole world<\/strong> from March 2023 (currently it can be seen with Google Street View), giving us an <strong>idea of the environment<\/strong> where we are. <\/p>\n\n<p>The <strong>use of drones<\/strong> for this type of photography is a <strong>great advantage<\/strong> as they can, by taking photographs on the spot, <strong>quickly and efficiently<\/strong> create <a href=\"https:\/\/yosoymallorca.com\/wp-content\/uploads\/2022\/10\/cala-torta-yosoymallorca9.jpg\">180\u00ba and 360\u00ba or equirectangular photographs<\/a>.<\/p>\n\n<h3 class=\"wp-block-heading\">Equirectagular photography<\/h3>\n\n<p>Nowadays there are <strong>many devices with which to take equirectangular photographs<\/strong>. Your mobile phone is an example of a device with which you could get these equirectangular photographs.<\/p>\n\n<p>Utiliz\u00e1ndolo junto con la <em>app<\/em> <strong><em>Google Maps<\/em><\/strong>, obtendr\u00e1s dicha foto, aunque con limitaciones en el resultado final, ya que no es el dispositivo m\u00e1s adecuado para este fin.<\/p>\n\n<figure class=\"wp-block-image size-full\"><img decoding=\"async\" width=\"1000\" height=\"500\" src=\"https:\/\/javiergomiz.com\/wp-content\/uploads\/2022\/10\/fotografia-equirrectagular-javiergomiz.jpg\" alt=\"Aerial equirectangular panoramic photograph of the village of Valldemossa in Mallorca.\" class=\"wp-image-862\" srcset=\"https:\/\/javiergomiz.com\/wp-content\/uploads\/2022\/10\/fotografia-equirrectagular-javiergomiz.jpg 1000w, https:\/\/javiergomiz.com\/wp-content\/uploads\/2022\/10\/fotografia-equirrectagular-javiergomiz-300x150.jpg 300w, https:\/\/javiergomiz.com\/wp-content\/uploads\/2022\/10\/fotografia-equirrectagular-javiergomiz-768x384.jpg 768w\" sizes=\"(max-width: 1000px) 100vw, 1000px\" \/><figcaption class=\"wp-element-caption\">Equirectangular photograph of Valldemossa, a village in Mallorca<\/figcaption><\/figure>\n\n<blockquote class=\"wp-block-quote is-layout-flow wp-block-quote-is-layout-flow\">\n<p><strong>Equirectangular photography<\/strong> is a special type of 360\u00b0 <strong>panoramic photography<\/strong>, which is created <em>in situ<\/em> by the device you are using.<\/p>\n<\/blockquote>\n\n<p>I say &#8220;special&#8221; because it is a photograph that will allow you, from a certain point that we choose, to have a total <strong>view of everything that surrounds you<\/strong>.<\/p>\n\n<p>A <strong>similar but different technique<\/strong> of image assembly is <a href=\"https:\/\/javiergomiz.com\/en\/photogrammetry-drones\/\">drone photogrammetry<\/a>. With this technique we will also obtain a <strong>360\u00ba view<\/strong> of our surroundings, with the difference to <strong>equirectangular photography<\/strong>, where this view will be around<strong> <\/strong>specific item.<\/p>\n\n<p><strong>Click on the image with the cursor and move it<\/strong>, see what happens!<\/p>\n\n<div style=\"height:20px\" aria-hidden=\"true\" class=\"wp-block-spacer\"><\/div>\n\n<iframe src=\"https:\/\/www.google.com\/maps\/embed?pb=!4v1666687207213!6m8!1m7!1sCAoSLEFGMVFpcE1PS2tYOTdjZnkwVzA0NklkbDdpeEpmLTRjVVpxR1djV1JTV1Nf!2m2!1d39.70796!2d2.62367!3f0!4f0!5f0.7820865974627469\" width=\"1000\" height=\"450\" style=\"border:0;\" allowfullscreen=\"\" loading=\"lazy\" referrerpolicy=\"no-referrer-when-downgrade\"><\/iframe>\n\n<div style=\"height:20px\" aria-hidden=\"true\" class=\"wp-block-spacer\"><\/div>\n\n<iframe src=\"https:\/\/www.google.com\/maps\/embed?pb=!4v1666688156356!6m8!1m7!1sCAoSLEFGMVFpcE5jUFJ1WnZ1REphUk1VUS1zQjhyUm9NT1c0QkxsdXdpUVZhYkht!2m2!1d39.367071!2d3.234365!3f354.91!4f0!5f0.7820865974627469\" width=\"1000\" height=\"450\" style=\"border:0;\" allowfullscreen=\"\" loading=\"lazy\" referrerpolicy=\"no-referrer-when-downgrade\"><\/iframe>\n","protected":false},"excerpt":{"rendered":"<p>Are you looking to enhance, highlight and stand out from the competition with a panoramic aerial photograph that locates and frames your business?<\/p>\n","protected":false},"author":1,"featured_media":2965,"parent":3069,"menu_order":0,"comment_status":"closed","ping_status":"closed","template":"","meta":{"inline_featured_image":false,"_joinchat":[],"footnotes":""},"class_list":["post-3136","page","type-page","status-publish","has-post-thumbnail","hentry"],"yoast_head":"<!-- This site is optimized with the Yoast SEO plugin v27.5 - https:\/\/yoast.com\/product\/yoast-seo-wordpress\/ -->\n<title>180\u00ba and 360\u00ba aerial panoramic photography on Mallorca<\/title>\n<meta name=\"description\" content=\"Are you looking to enhance, highlight and stand out from the competition with a panoramic aerial photograph that locates and frames your business?\" \/>\n<meta name=\"robots\" content=\"index, follow, max-snippet:-1, max-image-preview:large, max-video-preview:-1\" \/>\n<link rel=\"canonical\" href=\"https:\/\/javiergomiz.com\/en\/photo-video-drone-services\/aerial-panoramic-photography\/\" \/>\n<meta property=\"og:locale\" content=\"en_US\" \/>\n<meta property=\"og:type\" content=\"article\" \/>\n<meta property=\"og:title\" content=\"180\u00ba and 360\u00ba aerial panoramic photography on Mallorca\" \/>\n<meta property=\"og:description\" content=\"Are you looking to enhance, highlight and stand out from the competition with a panoramic aerial photograph that locates and frames your business?\" \/>\n<meta property=\"og:url\" content=\"https:\/\/javiergomiz.com\/en\/photo-video-drone-services\/aerial-panoramic-photography\/\" \/>\n<meta property=\"og:site_name\" content=\"Javier G\u00f3miz\" \/>\n<meta property=\"article:publisher\" content=\"https:\/\/www.facebook.com\/javiergomizdron\/\" \/>\n<meta property=\"article:modified_time\" content=\"2023-06-04T10:22:04+00:00\" \/>\n<meta property=\"og:image\" content=\"https:\/\/javiergomiz.com\/wp-content\/uploads\/2023\/01\/fotografia-panoramica-equirrectagular-seccion-javiergomiz.jpg\" \/>\n\t<meta property=\"og:image:width\" content=\"2200\" \/>\n\t<meta property=\"og:image:height\" content=\"825\" \/>\n\t<meta property=\"og:image:type\" content=\"image\/jpeg\" \/>\n<meta name=\"twitter:card\" content=\"summary_large_image\" \/>\n<meta name=\"twitter:label1\" content=\"Est. reading time\" \/>\n\t<meta name=\"twitter:data1\" content=\"2 minutes\" \/>\n<script type=\"application\/ld+json\" class=\"yoast-schema-graph\">{\"@context\":\"https:\\\/\\\/schema.org\",\"@graph\":[{\"@type\":\"WebPage\",\"@id\":\"https:\\\/\\\/javiergomiz.com\\\/en\\\/photo-video-drone-services\\\/aerial-panoramic-photography\\\/\",\"url\":\"https:\\\/\\\/javiergomiz.com\\\/en\\\/photo-video-drone-services\\\/aerial-panoramic-photography\\\/\",\"name\":\"180\u00ba and 360\u00ba aerial panoramic photography on Mallorca\",\"isPartOf\":{\"@id\":\"https:\\\/\\\/javiergomiz.com\\\/en\\\/#website\"},\"primaryImageOfPage\":{\"@id\":\"https:\\\/\\\/javiergomiz.com\\\/en\\\/photo-video-drone-services\\\/aerial-panoramic-photography\\\/#primaryimage\"},\"image\":{\"@id\":\"https:\\\/\\\/javiergomiz.com\\\/en\\\/photo-video-drone-services\\\/aerial-panoramic-photography\\\/#primaryimage\"},\"thumbnailUrl\":\"https:\\\/\\\/javiergomiz.com\\\/wp-content\\\/uploads\\\/2023\\\/01\\\/fotografia-panoramica-equirrectagular-seccion-javiergomiz.jpg\",\"datePublished\":\"2022-11-07T13:24:24+00:00\",\"dateModified\":\"2023-06-04T10:22:04+00:00\",\"description\":\"Are you looking to enhance, highlight and stand out from the competition with a panoramic aerial photograph that locates and frames your business?\",\"breadcrumb\":{\"@id\":\"https:\\\/\\\/javiergomiz.com\\\/en\\\/photo-video-drone-services\\\/aerial-panoramic-photography\\\/#breadcrumb\"},\"inLanguage\":\"en-US\",\"potentialAction\":[{\"@type\":\"ReadAction\",\"target\":[\"https:\\\/\\\/javiergomiz.com\\\/en\\\/photo-video-drone-services\\\/aerial-panoramic-photography\\\/\"]}]},{\"@type\":\"ImageObject\",\"inLanguage\":\"en-US\",\"@id\":\"https:\\\/\\\/javiergomiz.com\\\/en\\\/photo-video-drone-services\\\/aerial-panoramic-photography\\\/#primaryimage\",\"url\":\"https:\\\/\\\/javiergomiz.com\\\/wp-content\\\/uploads\\\/2023\\\/01\\\/fotografia-panoramica-equirrectagular-seccion-javiergomiz.jpg\",\"contentUrl\":\"https:\\\/\\\/javiergomiz.com\\\/wp-content\\\/uploads\\\/2023\\\/01\\\/fotografia-panoramica-equirrectagular-seccion-javiergomiz.jpg\",\"width\":2200,\"height\":825},{\"@type\":\"BreadcrumbList\",\"@id\":\"https:\\\/\\\/javiergomiz.com\\\/en\\\/photo-video-drone-services\\\/aerial-panoramic-photography\\\/#breadcrumb\",\"itemListElement\":[{\"@type\":\"ListItem\",\"position\":1,\"name\":\"Javier G\u00f3miz\",\"item\":\"https:\\\/\\\/javiergomiz.com\\\/en\\\/\"},{\"@type\":\"ListItem\",\"position\":2,\"name\":\"Video and drone services in mallorca\",\"item\":\"https:\\\/\\\/javiergomiz.com\\\/en\\\/photo-video-drone-services\\\/\"},{\"@type\":\"ListItem\",\"position\":3,\"name\":\"Photography 180\u00ba and 360\u00ba aerial panoramic photography\"}]},{\"@type\":\"WebSite\",\"@id\":\"https:\\\/\\\/javiergomiz.com\\\/en\\\/#website\",\"url\":\"https:\\\/\\\/javiergomiz.com\\\/en\\\/\",\"name\":\"Javier G\u00f3miz\",\"description\":\"Fotograf\u00eda y v\u00eddeo a\u00e9reo con dron en Mallorca\",\"publisher\":{\"@id\":\"https:\\\/\\\/javiergomiz.com\\\/en\\\/#organization\"},\"alternateName\":\"Javier G\u00f3miz\",\"potentialAction\":[{\"@type\":\"SearchAction\",\"target\":{\"@type\":\"EntryPoint\",\"urlTemplate\":\"https:\\\/\\\/javiergomiz.com\\\/en\\\/?s={search_term_string}\"},\"query-input\":{\"@type\":\"PropertyValueSpecification\",\"valueRequired\":true,\"valueName\":\"search_term_string\"}}],\"inLanguage\":\"en-US\"},{\"@type\":\"Organization\",\"@id\":\"https:\\\/\\\/javiergomiz.com\\\/en\\\/#organization\",\"name\":\"Javier G\u00f3miz\",\"url\":\"https:\\\/\\\/javiergomiz.com\\\/en\\\/\",\"logo\":{\"@type\":\"ImageObject\",\"inLanguage\":\"en-US\",\"@id\":\"https:\\\/\\\/javiergomiz.com\\\/en\\\/#\\\/schema\\\/logo\\\/image\\\/\",\"url\":\"https:\\\/\\\/javiergomiz.com\\\/wp-content\\\/uploads\\\/2022\\\/12\\\/cropped-favicon-javiergomiz.png\",\"contentUrl\":\"https:\\\/\\\/javiergomiz.com\\\/wp-content\\\/uploads\\\/2022\\\/12\\\/cropped-favicon-javiergomiz.png\",\"width\":512,\"height\":512,\"caption\":\"Javier G\u00f3miz\"},\"image\":{\"@id\":\"https:\\\/\\\/javiergomiz.com\\\/en\\\/#\\\/schema\\\/logo\\\/image\\\/\"},\"sameAs\":[\"https:\\\/\\\/www.facebook.com\\\/javiergomizdron\\\/\",\"https:\\\/\\\/www.instagram.com\\\/javiergomiz\\\/\",\"https:\\\/\\\/es.linkedin.com\\\/in\\\/javiergomiz\",\"https:\\\/\\\/www.youtube.com\\\/@javiergomiz\"]}]}<\/script>\n<!-- \/ Yoast SEO plugin. -->","yoast_head_json":{"title":"180\u00ba and 360\u00ba aerial panoramic photography on Mallorca","description":"Are you looking to enhance, highlight and stand out from the competition with a panoramic aerial photograph that locates and frames your business?","robots":{"index":"index","follow":"follow","max-snippet":"max-snippet:-1","max-image-preview":"max-image-preview:large","max-video-preview":"max-video-preview:-1"},"canonical":"https:\/\/javiergomiz.com\/en\/photo-video-drone-services\/aerial-panoramic-photography\/","og_locale":"en_US","og_type":"article","og_title":"180\u00ba and 360\u00ba aerial panoramic photography on Mallorca","og_description":"Are you looking to enhance, highlight and stand out from the competition with a panoramic aerial photograph that locates and frames your business?","og_url":"https:\/\/javiergomiz.com\/en\/photo-video-drone-services\/aerial-panoramic-photography\/","og_site_name":"Javier G\u00f3miz","article_publisher":"https:\/\/www.facebook.com\/javiergomizdron\/","article_modified_time":"2023-06-04T10:22:04+00:00","og_image":[{"width":2200,"height":825,"url":"https:\/\/javiergomiz.com\/wp-content\/uploads\/2023\/01\/fotografia-panoramica-equirrectagular-seccion-javiergomiz.jpg","type":"image\/jpeg"}],"twitter_card":"summary_large_image","twitter_misc":{"Est. reading time":"2 minutes"},"schema":{"@context":"https:\/\/schema.org","@graph":[{"@type":"WebPage","@id":"https:\/\/javiergomiz.com\/en\/photo-video-drone-services\/aerial-panoramic-photography\/","url":"https:\/\/javiergomiz.com\/en\/photo-video-drone-services\/aerial-panoramic-photography\/","name":"180\u00ba and 360\u00ba aerial panoramic photography on Mallorca","isPartOf":{"@id":"https:\/\/javiergomiz.com\/en\/#website"},"primaryImageOfPage":{"@id":"https:\/\/javiergomiz.com\/en\/photo-video-drone-services\/aerial-panoramic-photography\/#primaryimage"},"image":{"@id":"https:\/\/javiergomiz.com\/en\/photo-video-drone-services\/aerial-panoramic-photography\/#primaryimage"},"thumbnailUrl":"https:\/\/javiergomiz.com\/wp-content\/uploads\/2023\/01\/fotografia-panoramica-equirrectagular-seccion-javiergomiz.jpg","datePublished":"2022-11-07T13:24:24+00:00","dateModified":"2023-06-04T10:22:04+00:00","description":"Are you looking to enhance, highlight and stand out from the competition with a panoramic aerial photograph that locates and frames your business?","breadcrumb":{"@id":"https:\/\/javiergomiz.com\/en\/photo-video-drone-services\/aerial-panoramic-photography\/#breadcrumb"},"inLanguage":"en-US","potentialAction":[{"@type":"ReadAction","target":["https:\/\/javiergomiz.com\/en\/photo-video-drone-services\/aerial-panoramic-photography\/"]}]},{"@type":"ImageObject","inLanguage":"en-US","@id":"https:\/\/javiergomiz.com\/en\/photo-video-drone-services\/aerial-panoramic-photography\/#primaryimage","url":"https:\/\/javiergomiz.com\/wp-content\/uploads\/2023\/01\/fotografia-panoramica-equirrectagular-seccion-javiergomiz.jpg","contentUrl":"https:\/\/javiergomiz.com\/wp-content\/uploads\/2023\/01\/fotografia-panoramica-equirrectagular-seccion-javiergomiz.jpg","width":2200,"height":825},{"@type":"BreadcrumbList","@id":"https:\/\/javiergomiz.com\/en\/photo-video-drone-services\/aerial-panoramic-photography\/#breadcrumb","itemListElement":[{"@type":"ListItem","position":1,"name":"Javier G\u00f3miz","item":"https:\/\/javiergomiz.com\/en\/"},{"@type":"ListItem","position":2,"name":"Video and drone services in mallorca","item":"https:\/\/javiergomiz.com\/en\/photo-video-drone-services\/"},{"@type":"ListItem","position":3,"name":"Photography 180\u00ba and 360\u00ba aerial panoramic photography"}]},{"@type":"WebSite","@id":"https:\/\/javiergomiz.com\/en\/#website","url":"https:\/\/javiergomiz.com\/en\/","name":"Javier G\u00f3miz","description":"Fotograf\u00eda y v\u00eddeo a\u00e9reo con dron en Mallorca","publisher":{"@id":"https:\/\/javiergomiz.com\/en\/#organization"},"alternateName":"Javier G\u00f3miz","potentialAction":[{"@type":"SearchAction","target":{"@type":"EntryPoint","urlTemplate":"https:\/\/javiergomiz.com\/en\/?s={search_term_string}"},"query-input":{"@type":"PropertyValueSpecification","valueRequired":true,"valueName":"search_term_string"}}],"inLanguage":"en-US"},{"@type":"Organization","@id":"https:\/\/javiergomiz.com\/en\/#organization","name":"Javier G\u00f3miz","url":"https:\/\/javiergomiz.com\/en\/","logo":{"@type":"ImageObject","inLanguage":"en-US","@id":"https:\/\/javiergomiz.com\/en\/#\/schema\/logo\/image\/","url":"https:\/\/javiergomiz.com\/wp-content\/uploads\/2022\/12\/cropped-favicon-javiergomiz.png","contentUrl":"https:\/\/javiergomiz.com\/wp-content\/uploads\/2022\/12\/cropped-favicon-javiergomiz.png","width":512,"height":512,"caption":"Javier G\u00f3miz"},"image":{"@id":"https:\/\/javiergomiz.com\/en\/#\/schema\/logo\/image\/"},"sameAs":["https:\/\/www.facebook.com\/javiergomizdron\/","https:\/\/www.instagram.com\/javiergomiz\/","https:\/\/es.linkedin.com\/in\/javiergomiz","https:\/\/www.youtube.com\/@javiergomiz"]}]}},"_links":{"self":[{"href":"https:\/\/javiergomiz.com\/en\/wp-json\/wp\/v2\/pages\/3136","targetHints":{"allow":["GET"]}}],"collection":[{"href":"https:\/\/javiergomiz.com\/en\/wp-json\/wp\/v2\/pages"}],"about":[{"href":"https:\/\/javiergomiz.com\/en\/wp-json\/wp\/v2\/types\/page"}],"author":[{"embeddable":true,"href":"https:\/\/javiergomiz.com\/en\/wp-json\/wp\/v2\/users\/1"}],"replies":[{"embeddable":true,"href":"https:\/\/javiergomiz.com\/en\/wp-json\/wp\/v2\/comments?post=3136"}],"version-history":[{"count":0,"href":"https:\/\/javiergomiz.com\/en\/wp-json\/wp\/v2\/pages\/3136\/revisions"}],"up":[{"embeddable":true,"href":"https:\/\/javiergomiz.com\/en\/wp-json\/wp\/v2\/pages\/3069"}],"wp:featuredmedia":[{"embeddable":true,"href":"https:\/\/javiergomiz.com\/en\/wp-json\/wp\/v2\/media\/2965"}],"wp:attachment":[{"href":"https:\/\/javiergomiz.com\/en\/wp-json\/wp\/v2\/media?parent=3136"}],"curies":[{"name":"wp","href":"https:\/\/api.w.org\/{rel}","templated":true}]}}