{"id":3140,"date":"2022-11-07T22:13:00","date_gmt":"2022-11-07T21:13:00","guid":{"rendered":"https:\/\/javiergomiz.com\/?page_id=3140"},"modified":"2025-11-01T11:05:03","modified_gmt":"2025-11-01T10:05:03","slug":"real-estate-drones","status":"publish","type":"page","link":"https:\/\/javiergomiz.com\/en\/photo-video-drone-services\/real-estate-drones\/","title":{"rendered":"Real estate with drones"},"content":{"rendered":"\n<p>Today, you need <strong>photos and videos for your real estate with drones<\/strong>. In the ever-changing and competitive real estate industry, <strong>differentiating yourself from the rest<\/strong> is more important than ever.<\/p>\n\n<p>If you are a <strong>real estate agent<\/strong> looking <strong>to highlight your properties<\/strong>, or a <strong>private individual<\/strong> trying to make <strong>your home or property<\/strong> stand out in a crowded market like Mallorca, think of <strong>drones as your perfect ally<\/strong>.<\/p>\n\n<p>Have you ever wondered <strong>why you don&#8217;t manage to sell<\/strong> those properties you have advertised and which have been waiting for so long to be sold? If you want to reverse this situation, perhaps you need <strong>to show them in a different way<\/strong>, with <strong>drone photography and video<\/strong> that highlights their strengths that cannot be captured from the ground.<\/p>\n\n<blockquote class=\"wp-block-quote is-layout-flow wp-block-quote-is-layout-flow\">\n<p>Different actions bring different results.<\/p>\n<\/blockquote>\n\n<iframe width=\"825\" height=\"525\" src=\"https:\/\/www.youtube.com\/embed\/Z0gEXnU0VAU?modestbranding=1&#038;rel=0;loop=1;controls=0\" title=\"YouTube video player\" frameborder=\"0\" allow=\"accelerometer; autoplay; clipboard-write; encrypted-media; gyroscope; picture-in-picture\" allowfullscreen=\"\"><\/iframe>\n\n\n\n<h2 class=\"wp-block-heading\" id=\"h-diferenciar-tus-propiedades-inmobiliarias-del-resto-con-un-dron\">Differentiate your real estate from the rest with a drone<\/h2>\n\n<p>Nowadays, if a real estate agency wants to show the <strong>characteristics and location of a property in an attractive way<\/strong>, <strong>to be at the forefront<\/strong> of such a competitive market and to <strong>differentiate itself from the rest<\/strong>, it must certainly have a <strong>real estate sales catalogue made with drones<\/strong>.<\/p>\n\n<p><strong>Drone<\/strong> <strong>photography and video for real estate<\/strong> is an <strong>effective way to capture<\/strong> graphically and reliably the <strong>structure of a house, outdoor areas and common areas<\/strong>, so that the interested person has a comprehensive and <strong>clear impression of the property to be purchased<\/strong>.<\/p>\n\n<p>Imagine being able <strong>to show your potential buyers<\/strong> a spectacular aerial view of your property with drones, providing a <strong>completely new perspective<\/strong>, highlighting unique features such as a large garden, a sparkling blue pool or an <strong>image of the Mediterranean Sea in the background<\/strong>.<\/p>\n\n<figure class=\"wp-block-image size-full\"><img fetchpriority=\"high\" decoding=\"async\" width=\"800\" height=\"450\" src=\"https:\/\/javiergomiz.com\/wp-content\/uploads\/2023\/06\/inmobiliara-con-drones-mallorca-javiergomiz2.jpg\" alt=\"Real estate with drones to highlight your property\" class=\"wp-image-4587\" srcset=\"https:\/\/javiergomiz.com\/wp-content\/uploads\/2023\/06\/inmobiliara-con-drones-mallorca-javiergomiz2.jpg 800w, https:\/\/javiergomiz.com\/wp-content\/uploads\/2023\/06\/inmobiliara-con-drones-mallorca-javiergomiz2-300x169.jpg 300w, https:\/\/javiergomiz.com\/wp-content\/uploads\/2023\/06\/inmobiliara-con-drones-mallorca-javiergomiz2-768x432.jpg 768w\" sizes=\"(max-width: 800px) 100vw, 800px\" \/><figcaption class=\"wp-element-caption\">Visible waterfront property enhances market value<\/figcaption><\/figure>\n\n<blockquote class=\"wp-block-quote is-layout-flow wp-block-quote-is-layout-flow\">\n<p>For the <strong>real estate sector<\/strong>, <a href=\"https:\/\/javiergomiz.com\/en\/photo-video-drone-services\/drone-photography\/\">aerial photography<\/a> and <a href=\"https:\/\/javiergomiz.com\/en\/photo-video-drone-services\/video-aerial-dron\/\">aerial video with drones<\/a> has been a complete revolution.<\/p>\n<\/blockquote>\n\n<p>The images we get with <strong>drones<\/strong> reveal to us that there are <strong>different ways of looking at<\/strong> things, and that like everything in life, things have <strong>different points of view<\/strong>.<\/p>\n\n<p><strong>RAW images<\/strong> with high dynamic range and <strong>4K videos<\/strong> taken with <strong>professional drones<\/strong> allow us to have a <strong>wide range of photo retouching<\/strong>.<\/p>\n\n<p>The photographs will be of <strong>high resolution and quality<\/strong>, while the videos, with proper editing, will create <strong>productions<\/strong> of great <strong>cinematic beauty<\/strong>, <strong>highlighting the strengths and value of the property<\/strong> we wish to emphasise.<\/p>\n\n<p>A good way to showcase your property is also through <strong>a 180\u00b0 panoramic<\/strong> or <a href=\"https:\/\/javiergomiz.com\/en\/photo-video-drone-services\/aerial-panoramic-photography\/\">equirectangular photograph<\/a>. This photograph, taken with a drone, makes it possible not only to appreciate the property itself, but also <strong>its context and its relationship with its surroundings<\/strong>, giving us a global vision.<\/p>\n\n<iframe src=\"https:\/\/player.vimeo.com\/video\/907728432?badge=0&#038;autopause=0&#038;player_id=0&#038;app_id=58479\" width=\"800\" height=\"450\" frameborder=\"0\" allow=\"autoplay; fullscreen; picture-in-picture; clipboard-write\" title=\"Frank Heinsbroek Real Estate Boutique. Alcudia\"><\/iframe>\n\n<h2 class=\"wp-block-heading\" id=\"h-inmobiliaria-con-drones-y-sus-ventajas\">Real estate with drones and their advantages<\/h2>\n\n<p>We clearly distinguish 3 advantages<\/p>\n\n<ol class=\"wp-block-list\">\n<li><strong>Better showcase<\/strong> <strong>and attractive presentation<\/strong>. Publishing <strong>aerial images and videos taken with a drone<\/strong> will make your advertisement <strong>more attractive<\/strong> and attract the attention of that client who is still undecided about the final purchase of the property. Often the visual impression you get is more important than the specifications offered by the house itself. <strong>The first impression is the one that remains<\/strong>.<\/li>\n\n\n\n<li><strong>Development of blind views<\/strong>. Having photographs of the interiors and exteriors of the property taken from the ground is simply essential. Imagine that your property (of which there are many in Mallorca) is <strong>on the edge of a cliff<\/strong> and from that side you can&#8217;t take a photo as there is no surface. The final sale may depend on that angle that without a drone you can&#8217;t photograph. <strong>You need a drone<\/strong>.<\/li>\n\n\n\n<li><strong>Stand out from the competition<\/strong>. Having aerial photographs and videos taken with a drone will make <strong>your property stand out from the trivial and mundane<\/strong>, <strong>make it stand out and catch the attention of the viewer looking<\/strong> at the property advertisement.<\/li>\n\n\n\n<li><strong>Security<\/strong>. With a drone we can inspect difficult to access structures <strong>more quickly and safely<\/strong>. By piloting a drone we will reach places that are <strong>difficult to access or dangerous for humans<\/strong>.<\/li>\n<\/ol>\n\n<p><\/p>\n\n<blockquote class=\"wp-block-quote is-layout-flow wp-block-quote-is-layout-flow\">\n<p>For real estate <strong>photography with drones<\/strong>, it is important to ensure that you have <strong>permission to fly in the area<\/strong> where you want to take the photographs and that you have a <strong>qualified and experienced drone pilot<\/strong>.<\/p>\n<\/blockquote>\n\n<p><a href=\"https:\/\/javiergomiz.com\/en\/about-javier-gomiz\/\">Javier G\u00f3miz<\/a> has a <strong>professional drone pilot&#8217;s licence from AESA<\/strong> <strong>as A.T.O. n\u00ba E-207<\/strong> and <strong>knowledge to ask for flight permits<\/strong> in case they are needed.<\/p>\n\n<p>You will be able to get a <strong>different perspective and an exclusive angle of a house, hotel, villa or estate<\/strong> that cannot be obtained from the ground. Don&#8217;t wait any longer and <a href=\"https:\/\/javiergomiz.com\/en\/contact\/\">consider hiring the services of a drone<\/a> pilot and make everything I have told you in this article a reality.<\/p>\n\n<div style=\"height:20px\" aria-hidden=\"true\" class=\"wp-block-spacer\"><\/div>\n","protected":false},"excerpt":{"rendered":"<p>Do you want to stand out from the crowd? Use aerial drone photos and videos in Mallorca to highlight your hotel and real estate with drones.<\/p>\n","protected":false},"author":1,"featured_media":2963,"parent":3069,"menu_order":0,"comment_status":"closed","ping_status":"closed","template":"","meta":{"inline_featured_image":false,"_joinchat":[],"footnotes":""},"class_list":["post-3140","page","type-page","status-publish","has-post-thumbnail","hentry"],"yoast_head":"<!-- This site is optimized with the Yoast SEO plugin v27.4 - https:\/\/yoast.com\/product\/yoast-seo-wordpress\/ -->\n<title>Real estate with drones | Javier G\u00f3miz<\/title>\n<meta name=\"description\" content=\"Do you want to stand out from the crowd? Use aerial photos and videos for your real estate with drones in Mallorca and make your property stand out from the rest.\" \/>\n<meta name=\"robots\" content=\"index, follow, max-snippet:-1, max-image-preview:large, max-video-preview:-1\" \/>\n<link rel=\"canonical\" href=\"https:\/\/javiergomiz.com\/en\/photo-video-drone-services\/real-estate-drones\/\" \/>\n<meta property=\"og:locale\" content=\"en_US\" \/>\n<meta property=\"og:type\" content=\"article\" \/>\n<meta property=\"og:title\" content=\"Real estate with drones | Javier G\u00f3miz\" \/>\n<meta property=\"og:description\" content=\"Do you want to stand out from the crowd? Use aerial photos and videos for your real estate with drones in Mallorca and make your property stand out from the rest.\" \/>\n<meta property=\"og:url\" content=\"https:\/\/javiergomiz.com\/en\/photo-video-drone-services\/real-estate-drones\/\" \/>\n<meta property=\"og:site_name\" content=\"Javier G\u00f3miz\" \/>\n<meta property=\"article:publisher\" content=\"https:\/\/www.facebook.com\/javiergomizdron\/\" \/>\n<meta property=\"article:modified_time\" content=\"2025-11-01T10:05:03+00:00\" \/>\n<meta property=\"og:image\" content=\"https:\/\/javiergomiz.com\/wp-content\/uploads\/2023\/01\/inmobiliaria-real-estate-propiedades.jpg\" \/>\n\t<meta property=\"og:image:width\" content=\"1920\" \/>\n\t<meta property=\"og:image:height\" content=\"726\" \/>\n\t<meta property=\"og:image:type\" content=\"image\/jpeg\" \/>\n<meta name=\"twitter:card\" content=\"summary_large_image\" \/>\n<meta name=\"twitter:label1\" content=\"Est. reading time\" \/>\n\t<meta name=\"twitter:data1\" content=\"4 minutes\" \/>\n<script type=\"application\/ld+json\" class=\"yoast-schema-graph\">{\"@context\":\"https:\\\/\\\/schema.org\",\"@graph\":[{\"@type\":\"WebPage\",\"@id\":\"https:\\\/\\\/javiergomiz.com\\\/en\\\/photo-video-drone-services\\\/real-estate-drones\\\/\",\"url\":\"https:\\\/\\\/javiergomiz.com\\\/en\\\/photo-video-drone-services\\\/real-estate-drones\\\/\",\"name\":\"Real estate with drones | Javier G\u00f3miz\",\"isPartOf\":{\"@id\":\"https:\\\/\\\/javiergomiz.com\\\/en\\\/#website\"},\"primaryImageOfPage\":{\"@id\":\"https:\\\/\\\/javiergomiz.com\\\/en\\\/photo-video-drone-services\\\/real-estate-drones\\\/#primaryimage\"},\"image\":{\"@id\":\"https:\\\/\\\/javiergomiz.com\\\/en\\\/photo-video-drone-services\\\/real-estate-drones\\\/#primaryimage\"},\"thumbnailUrl\":\"https:\\\/\\\/javiergomiz.com\\\/wp-content\\\/uploads\\\/2023\\\/01\\\/inmobiliaria-real-estate-propiedades.jpg\",\"datePublished\":\"2022-11-07T21:13:00+00:00\",\"dateModified\":\"2025-11-01T10:05:03+00:00\",\"description\":\"Do you want to stand out from the crowd? Use aerial photos and videos for your real estate with drones in Mallorca and make your property stand out from the rest.\",\"breadcrumb\":{\"@id\":\"https:\\\/\\\/javiergomiz.com\\\/en\\\/photo-video-drone-services\\\/real-estate-drones\\\/#breadcrumb\"},\"inLanguage\":\"en-US\",\"potentialAction\":[{\"@type\":\"ReadAction\",\"target\":[\"https:\\\/\\\/javiergomiz.com\\\/en\\\/photo-video-drone-services\\\/real-estate-drones\\\/\"]}]},{\"@type\":\"ImageObject\",\"inLanguage\":\"en-US\",\"@id\":\"https:\\\/\\\/javiergomiz.com\\\/en\\\/photo-video-drone-services\\\/real-estate-drones\\\/#primaryimage\",\"url\":\"https:\\\/\\\/javiergomiz.com\\\/wp-content\\\/uploads\\\/2023\\\/01\\\/inmobiliaria-real-estate-propiedades.jpg\",\"contentUrl\":\"https:\\\/\\\/javiergomiz.com\\\/wp-content\\\/uploads\\\/2023\\\/01\\\/inmobiliaria-real-estate-propiedades.jpg\",\"width\":1920,\"height\":726},{\"@type\":\"BreadcrumbList\",\"@id\":\"https:\\\/\\\/javiergomiz.com\\\/en\\\/photo-video-drone-services\\\/real-estate-drones\\\/#breadcrumb\",\"itemListElement\":[{\"@type\":\"ListItem\",\"position\":1,\"name\":\"Javier G\u00f3miz\",\"item\":\"https:\\\/\\\/javiergomiz.com\\\/en\\\/\"},{\"@type\":\"ListItem\",\"position\":2,\"name\":\"Video and drone services in mallorca\",\"item\":\"https:\\\/\\\/javiergomiz.com\\\/en\\\/photo-video-drone-services\\\/\"},{\"@type\":\"ListItem\",\"position\":3,\"name\":\"Real estate with drones\"}]},{\"@type\":\"WebSite\",\"@id\":\"https:\\\/\\\/javiergomiz.com\\\/en\\\/#website\",\"url\":\"https:\\\/\\\/javiergomiz.com\\\/en\\\/\",\"name\":\"Javier G\u00f3miz\",\"description\":\"Fotograf\u00eda y v\u00eddeo a\u00e9reo con dron en Mallorca\",\"publisher\":{\"@id\":\"https:\\\/\\\/javiergomiz.com\\\/en\\\/#organization\"},\"alternateName\":\"Javier G\u00f3miz\",\"potentialAction\":[{\"@type\":\"SearchAction\",\"target\":{\"@type\":\"EntryPoint\",\"urlTemplate\":\"https:\\\/\\\/javiergomiz.com\\\/en\\\/?s={search_term_string}\"},\"query-input\":{\"@type\":\"PropertyValueSpecification\",\"valueRequired\":true,\"valueName\":\"search_term_string\"}}],\"inLanguage\":\"en-US\"},{\"@type\":\"Organization\",\"@id\":\"https:\\\/\\\/javiergomiz.com\\\/en\\\/#organization\",\"name\":\"Javier G\u00f3miz\",\"url\":\"https:\\\/\\\/javiergomiz.com\\\/en\\\/\",\"logo\":{\"@type\":\"ImageObject\",\"inLanguage\":\"en-US\",\"@id\":\"https:\\\/\\\/javiergomiz.com\\\/en\\\/#\\\/schema\\\/logo\\\/image\\\/\",\"url\":\"https:\\\/\\\/javiergomiz.com\\\/wp-content\\\/uploads\\\/2022\\\/12\\\/cropped-favicon-javiergomiz.png\",\"contentUrl\":\"https:\\\/\\\/javiergomiz.com\\\/wp-content\\\/uploads\\\/2022\\\/12\\\/cropped-favicon-javiergomiz.png\",\"width\":512,\"height\":512,\"caption\":\"Javier G\u00f3miz\"},\"image\":{\"@id\":\"https:\\\/\\\/javiergomiz.com\\\/en\\\/#\\\/schema\\\/logo\\\/image\\\/\"},\"sameAs\":[\"https:\\\/\\\/www.facebook.com\\\/javiergomizdron\\\/\",\"https:\\\/\\\/www.instagram.com\\\/javiergomiz\\\/\",\"https:\\\/\\\/es.linkedin.com\\\/in\\\/javiergomiz\",\"https:\\\/\\\/www.youtube.com\\\/@javiergomiz\"]}]}<\/script>\n<meta property=\"og:video\" content=\"https:\/\/www.youtube.com\/embed\/6j3NVve0aO0\" \/>\n<meta property=\"og:video:type\" content=\"text\/html\" \/>\n<meta property=\"og:video:duration\" content=\"33\" \/>\n<meta property=\"og:video:width\" content=\"480\" \/>\n<meta property=\"og:video:height\" content=\"270\" \/>\n<meta property=\"ya:ovs:adult\" content=\"false\" \/>\n<meta property=\"ya:ovs:upload_date\" content=\"2022-11-07T21:13:00+00:00\" \/>\n<meta property=\"ya:ovs:allow_embed\" content=\"true\" \/>\n<!-- \/ Yoast SEO plugin. -->","yoast_head_json":{"title":"Real estate with drones | Javier G\u00f3miz","description":"Do you want to stand out from the crowd? Use aerial photos and videos for your real estate with drones in Mallorca and make your property stand out from the rest.","robots":{"index":"index","follow":"follow","max-snippet":"max-snippet:-1","max-image-preview":"max-image-preview:large","max-video-preview":"max-video-preview:-1"},"canonical":"https:\/\/javiergomiz.com\/en\/photo-video-drone-services\/real-estate-drones\/","og_locale":"en_US","og_type":"article","og_title":"Real estate with drones | Javier G\u00f3miz","og_description":"Do you want to stand out from the crowd? Use aerial photos and videos for your real estate with drones in Mallorca and make your property stand out from the rest.","og_url":"https:\/\/javiergomiz.com\/en\/photo-video-drone-services\/real-estate-drones\/","og_site_name":"Javier G\u00f3miz","article_publisher":"https:\/\/www.facebook.com\/javiergomizdron\/","article_modified_time":"2025-11-01T10:05:03+00:00","og_image":[{"width":1920,"height":726,"url":"https:\/\/javiergomiz.com\/wp-content\/uploads\/2023\/01\/inmobiliaria-real-estate-propiedades.jpg","type":"image\/jpeg"}],"twitter_card":"summary_large_image","twitter_misc":{"Est. reading time":"4 minutes"},"schema":{"@context":"https:\/\/schema.org","@graph":[{"@type":"WebPage","@id":"https:\/\/javiergomiz.com\/en\/photo-video-drone-services\/real-estate-drones\/","url":"https:\/\/javiergomiz.com\/en\/photo-video-drone-services\/real-estate-drones\/","name":"Real estate with drones | Javier G\u00f3miz","isPartOf":{"@id":"https:\/\/javiergomiz.com\/en\/#website"},"primaryImageOfPage":{"@id":"https:\/\/javiergomiz.com\/en\/photo-video-drone-services\/real-estate-drones\/#primaryimage"},"image":{"@id":"https:\/\/javiergomiz.com\/en\/photo-video-drone-services\/real-estate-drones\/#primaryimage"},"thumbnailUrl":"https:\/\/javiergomiz.com\/wp-content\/uploads\/2023\/01\/inmobiliaria-real-estate-propiedades.jpg","datePublished":"2022-11-07T21:13:00+00:00","dateModified":"2025-11-01T10:05:03+00:00","description":"Do you want to stand out from the crowd? Use aerial photos and videos for your real estate with drones in Mallorca and make your property stand out from the rest.","breadcrumb":{"@id":"https:\/\/javiergomiz.com\/en\/photo-video-drone-services\/real-estate-drones\/#breadcrumb"},"inLanguage":"en-US","potentialAction":[{"@type":"ReadAction","target":["https:\/\/javiergomiz.com\/en\/photo-video-drone-services\/real-estate-drones\/"]}]},{"@type":"ImageObject","inLanguage":"en-US","@id":"https:\/\/javiergomiz.com\/en\/photo-video-drone-services\/real-estate-drones\/#primaryimage","url":"https:\/\/javiergomiz.com\/wp-content\/uploads\/2023\/01\/inmobiliaria-real-estate-propiedades.jpg","contentUrl":"https:\/\/javiergomiz.com\/wp-content\/uploads\/2023\/01\/inmobiliaria-real-estate-propiedades.jpg","width":1920,"height":726},{"@type":"BreadcrumbList","@id":"https:\/\/javiergomiz.com\/en\/photo-video-drone-services\/real-estate-drones\/#breadcrumb","itemListElement":[{"@type":"ListItem","position":1,"name":"Javier G\u00f3miz","item":"https:\/\/javiergomiz.com\/en\/"},{"@type":"ListItem","position":2,"name":"Video and drone services in mallorca","item":"https:\/\/javiergomiz.com\/en\/photo-video-drone-services\/"},{"@type":"ListItem","position":3,"name":"Real estate with drones"}]},{"@type":"WebSite","@id":"https:\/\/javiergomiz.com\/en\/#website","url":"https:\/\/javiergomiz.com\/en\/","name":"Javier G\u00f3miz","description":"Fotograf\u00eda y v\u00eddeo a\u00e9reo con dron en Mallorca","publisher":{"@id":"https:\/\/javiergomiz.com\/en\/#organization"},"alternateName":"Javier G\u00f3miz","potentialAction":[{"@type":"SearchAction","target":{"@type":"EntryPoint","urlTemplate":"https:\/\/javiergomiz.com\/en\/?s={search_term_string}"},"query-input":{"@type":"PropertyValueSpecification","valueRequired":true,"valueName":"search_term_string"}}],"inLanguage":"en-US"},{"@type":"Organization","@id":"https:\/\/javiergomiz.com\/en\/#organization","name":"Javier G\u00f3miz","url":"https:\/\/javiergomiz.com\/en\/","logo":{"@type":"ImageObject","inLanguage":"en-US","@id":"https:\/\/javiergomiz.com\/en\/#\/schema\/logo\/image\/","url":"https:\/\/javiergomiz.com\/wp-content\/uploads\/2022\/12\/cropped-favicon-javiergomiz.png","contentUrl":"https:\/\/javiergomiz.com\/wp-content\/uploads\/2022\/12\/cropped-favicon-javiergomiz.png","width":512,"height":512,"caption":"Javier G\u00f3miz"},"image":{"@id":"https:\/\/javiergomiz.com\/en\/#\/schema\/logo\/image\/"},"sameAs":["https:\/\/www.facebook.com\/javiergomizdron\/","https:\/\/www.instagram.com\/javiergomiz\/","https:\/\/es.linkedin.com\/in\/javiergomiz","https:\/\/www.youtube.com\/@javiergomiz"]}]},"og_video":"https:\/\/www.youtube.com\/embed\/6j3NVve0aO0","og_video_type":"text\/html","og_video_duration":"33","og_video_width":"480","og_video_height":"270","ya_ovs_adult":"false","ya_ovs_upload_date":"2022-11-07T21:13:00+00:00","ya_ovs_allow_embed":"true"},"_links":{"self":[{"href":"https:\/\/javiergomiz.com\/en\/wp-json\/wp\/v2\/pages\/3140","targetHints":{"allow":["GET"]}}],"collection":[{"href":"https:\/\/javiergomiz.com\/en\/wp-json\/wp\/v2\/pages"}],"about":[{"href":"https:\/\/javiergomiz.com\/en\/wp-json\/wp\/v2\/types\/page"}],"author":[{"embeddable":true,"href":"https:\/\/javiergomiz.com\/en\/wp-json\/wp\/v2\/users\/1"}],"replies":[{"embeddable":true,"href":"https:\/\/javiergomiz.com\/en\/wp-json\/wp\/v2\/comments?post=3140"}],"version-history":[{"count":0,"href":"https:\/\/javiergomiz.com\/en\/wp-json\/wp\/v2\/pages\/3140\/revisions"}],"up":[{"embeddable":true,"href":"https:\/\/javiergomiz.com\/en\/wp-json\/wp\/v2\/pages\/3069"}],"wp:featuredmedia":[{"embeddable":true,"href":"https:\/\/javiergomiz.com\/en\/wp-json\/wp\/v2\/media\/2963"}],"wp:attachment":[{"href":"https:\/\/javiergomiz.com\/en\/wp-json\/wp\/v2\/media?parent=3140"}],"curies":[{"name":"wp","href":"https:\/\/api.w.org\/{rel}","templated":true}]}}